{"id":753,"date":"2025-04-28T14:01:21","date_gmt":"2025-04-28T14:01:21","guid":{"rendered":"https:\/\/humanspaces.at\/?page_id=753"},"modified":"2025-09-10T16:52:57","modified_gmt":"2025-09-10T16:52:57","slug":"technische-beratung","status":"publish","type":"page","link":"https:\/\/humanspaces.at\/en\/leistungen\/kooperationspartner\/technische-beratung\/","title":{"rendered":"Technical Consulting for Real Estate Agents\ufeff"},"content":{"rendered":"<div data-elementor-type=\"wp-page\" data-elementor-id=\"753\" class=\"elementor elementor-753\">\n\t\t\t\t<div class=\"elementor-element elementor-element-63e94f3c e-flex e-con-boxed e-con e-parent\" data-id=\"63e94f3c\" data-element_type=\"container\" data-e-type=\"container\">\n\t\t\t\t\t<div class=\"e-con-inner\">\n\t\t\t\t<div class=\"elementor-element elementor-element-2e671204 elementor-widget elementor-widget-heading\" data-id=\"2e671204\" data-element_type=\"widget\" data-e-type=\"widget\" data-widget_type=\"heading.default\">\n\t\t\t\t<div class=\"elementor-widget-container\">\n\t\t\t\t\t<h1 class=\"elementor-heading-title elementor-size-default\">Together, more expertise for your customers.<\/h1>\t\t\t\t<\/div>\n\t\t\t\t<\/div>\n\t\t\t\t\t<\/div>\n\t\t\t\t<\/div>\n\t\t<div class=\"elementor-element elementor-element-286d8cc2 e-con-full animated-slow e-flex elementor-invisible e-con e-parent\" data-id=\"286d8cc2\" data-element_type=\"container\" data-e-type=\"container\" data-settings=\"{&quot;background_background&quot;:&quot;classic&quot;,&quot;animation&quot;:&quot;fadeInLeft&quot;,&quot;animation_delay&quot;:200}\">\n\t\t<div class=\"elementor-element elementor-element-2c2720ea e-con-full e-flex e-con e-child\" data-id=\"2c2720ea\" data-element_type=\"container\" data-e-type=\"container\">\n\t\t\t\t<div class=\"elementor-element elementor-element-6bd0407 elementor-widget-tablet__width-inherit elementor-widget elementor-widget-heading\" data-id=\"6bd0407\" data-element_type=\"widget\" data-e-type=\"widget\" data-widget_type=\"heading.default\">\n\t\t\t\t<div class=\"elementor-widget-container\">\n\t\t\t\t\t<h2 class=\"elementor-heading-title elementor-size-default\">Technical consulting for real estate agents<\/h2>\t\t\t\t<\/div>\n\t\t\t\t<\/div>\n\t\t\t\t<div class=\"elementor-element elementor-element-2f3e0359 elementor-widget-tablet__width-inherit elementor-widget elementor-widget-text-editor\" data-id=\"2f3e0359\" data-element_type=\"widget\" data-e-type=\"widget\" data-widget_type=\"text-editor.default\">\n\t\t\t\t<div class=\"elementor-widget-container\">\n\t\t\t\t\t\t\t\t\t<p>Human Spaces, as a complementary service provider, offers your clients security during what is often an overwhelming decision-making phase. Through technical consulting and design solutions, trust is built, making the property purchase simpler and more transparent for your clients.<\/p>\t\t\t\t\t\t\t\t<\/div>\n\t\t\t\t<\/div>\n\t\t\t\t<div class=\"elementor-element elementor-element-77399dea elementor-mobile-align-center elementor-align-center elementor-widget elementor-widget-button\" data-id=\"77399dea\" data-element_type=\"widget\" data-e-type=\"widget\" data-widget_type=\"button.default\">\n\t\t\t\t<div class=\"elementor-widget-container\">\n\t\t\t\t\t\t\t\t\t<div class=\"elementor-button-wrapper\">\n\t\t\t\t\t<a class=\"elementor-button elementor-button-link elementor-size-sm\" href=\"https:\/\/humanspaces.at\/en\/kontakt\/\">\n\t\t\t\t\t\t<span class=\"elementor-button-content-wrapper\">\n\t\t\t\t\t\t\t\t\t<span class=\"elementor-button-text\">Request now<\/span>\n\t\t\t\t\t<\/span>\n\t\t\t\t\t<\/a>\n\t\t\t\t<\/div>\n\t\t\t\t\t\t\t\t<\/div>\n\t\t\t\t<\/div>\n\t\t\t\t<\/div>\n\t\t<div class=\"elementor-element elementor-element-25875c81 e-con-full e-flex e-con e-child\" data-id=\"25875c81\" data-element_type=\"container\" data-e-type=\"container\">\n\t\t\t\t<div class=\"elementor-element elementor-element-666b1fbb elementor-widget elementor-widget-image\" data-id=\"666b1fbb\" data-element_type=\"widget\" data-e-type=\"widget\" data-widget_type=\"image.default\">\n\t\t\t\t<div class=\"elementor-widget-container\">\n\t\t\t\t\t\t\t\t\t\t\t\t\t\t\t<img fetchpriority=\"high\" decoding=\"async\" width=\"1024\" height=\"683\" src=\"https:\/\/humanspaces.at\/wp-content\/uploads\/2025\/07\/immobiliencheck-kammerer-planung-1024x683.jpg\" class=\"attachment-large size-large wp-image-2548\" alt=\"Katja Kammerer pr\u00fcft bei der Immobilienkauf-Beratung digitale und gedruckte Baupl\u00e4ne am Schreibtisch. Sie bietet auch technische Beratung f\u00fcr Immobilienmakler an.\" srcset=\"https:\/\/humanspaces.at\/wp-content\/uploads\/2025\/07\/immobiliencheck-kammerer-planung-1024x683.jpg 1024w, https:\/\/humanspaces.at\/wp-content\/uploads\/2025\/07\/immobiliencheck-kammerer-planung-300x200.jpg 300w, https:\/\/humanspaces.at\/wp-content\/uploads\/2025\/07\/immobiliencheck-kammerer-planung-768x512.jpg 768w, https:\/\/humanspaces.at\/wp-content\/uploads\/2025\/07\/immobiliencheck-kammerer-planung-1536x1024.jpg 1536w, https:\/\/humanspaces.at\/wp-content\/uploads\/2025\/07\/immobiliencheck-kammerer-planung.jpg 1600w\" sizes=\"(max-width: 1024px) 100vw, 1024px\" \/>\t\t\t\t\t\t\t\t\t\t\t\t\t\t\t<\/div>\n\t\t\t\t<\/div>\n\t\t\t\t<\/div>\n\t\t\t\t<\/div>\n\t\t<div class=\"elementor-element elementor-element-31f1575f e-con-full animated-slow e-flex elementor-invisible e-con e-parent\" data-id=\"31f1575f\" data-element_type=\"container\" data-e-type=\"container\" data-settings=\"{&quot;background_background&quot;:&quot;classic&quot;,&quot;animation&quot;:&quot;fadeInRight&quot;,&quot;animation_delay&quot;:600}\">\n\t\t<div class=\"elementor-element elementor-element-21181dca e-con-full e-flex e-con e-child\" data-id=\"21181dca\" data-element_type=\"container\" data-e-type=\"container\">\n\t\t\t\t<div class=\"elementor-element elementor-element-6645ed45 elementor-widget-tablet__width-inherit elementor-widget elementor-widget-text-editor\" data-id=\"6645ed45\" data-element_type=\"widget\" data-e-type=\"widget\" data-widget_type=\"text-editor.default\">\n\t\t\t\t<div class=\"elementor-widget-container\">\n\t\t\t\t\t\t\t\t\t<p class=\"my-0\" style=\"font-size: 18px; font-style: normal; font-weight: 400;\"><span style=\"font-weight: bold;\">Scope of services:<\/span><\/p><ul style=\"font-size: 18px; font-style: normal; font-weight: 400;\"><li style=\"font-size: 18px; list-style-type: none;\"><ul class=\"marker:text-textOff list-disc\" style=\"font-size: 18px;\"><li style=\"font-size: 18px;\"><p class=\"my-0\" style=\"font-size: 18px;\">Technical assessment of properties (building condition, renovation needs, potential)<\/p><\/li><li style=\"font-size: 18px;\"><p class=\"my-0\" style=\"font-size: 18px;\">Preparation of or contributions to property expos\u00e9s.<\/p><\/li><li style=\"font-size: 18px;\"><p class=\"my-0\" style=\"font-size: 18px;\">Consulting on construction risks and opportunities to enhance marketing potential.<\/p><\/li><li style=\"font-size: 18px;\"><p class=\"my-0\" style=\"font-size: 18px;\">Support in developing marketing strategies for existing properties<\/p><\/li><li style=\"font-size: 18px;\"><p class=\"my-0\" style=\"font-size: 18px;\">Potential analyses for interior design and remodeling possibilities<\/p><\/li><li style=\"font-size: 18px;\"><p class=\"my-0\" style=\"font-size: 18px;\">Participation in client meetings as needed<\/p><\/li><\/ul><\/li><\/ul><p class=\"my-0\" style=\"font-size: 18px; font-style: normal; font-weight: 400;\"><span style=\"font-weight: bold;\">Result:<\/span><\/p><ul style=\"font-size: 18px; font-style: normal; font-weight: 400;\"><li style=\"font-size: 18px; list-style-type: none;\"><ul class=\"marker:text-textOff list-disc\" style=\"font-size: 18px;\"><li style=\"font-size: 18px;\"><p class=\"my-0\" style=\"font-size: 18px;\">You receive solid technical and design expertise for the property that complements your consulting quality and enhances marketing opportunities.<\/p><\/li><\/ul><\/li><\/ul><p class=\"my-0\" style=\"font-size: 18px; font-style: normal; font-weight: 400;\"><span style=\"font-weight: bold;\">Costs:<\/span>\u00a0By individual agreement<\/p>\t\t\t\t\t\t\t\t<\/div>\n\t\t\t\t<\/div>\n\t\t\t\t<\/div>\n\t\t<div class=\"elementor-element elementor-element-e8f453c e-con-full e-flex e-con e-child\" data-id=\"e8f453c\" data-element_type=\"container\" data-e-type=\"container\">\n\t\t\t\t<div class=\"elementor-element elementor-element-66a5c27c elementor-widget-tablet__width-inherit elementor-widget elementor-widget-image\" data-id=\"66a5c27c\" data-element_type=\"widget\" data-e-type=\"widget\" data-widget_type=\"image.default\">\n\t\t\t\t<div class=\"elementor-widget-container\">\n\t\t\t\t\t\t\t\t\t\t\t\t\t\t\t<img decoding=\"async\" width=\"1024\" height=\"683\" src=\"https:\/\/humanspaces.at\/wp-content\/uploads\/2025\/07\/beratung-bedarfsanalyse-wohnungskauf-1024x683.jpg\" class=\"attachment-large size-large wp-image-2519\" alt=\"Eine Immobilienberaterin bespricht mit einem Kunden an einem Tisch die individuellen Anforderungen und W\u00fcnsche f\u00fcr den Kauf einer neuen Wohnung anhand einer Bedarfsanalyse.\" srcset=\"https:\/\/humanspaces.at\/wp-content\/uploads\/2025\/07\/beratung-bedarfsanalyse-wohnungskauf-1024x683.jpg 1024w, https:\/\/humanspaces.at\/wp-content\/uploads\/2025\/07\/beratung-bedarfsanalyse-wohnungskauf-300x200.jpg 300w, https:\/\/humanspaces.at\/wp-content\/uploads\/2025\/07\/beratung-bedarfsanalyse-wohnungskauf-768x512.jpg 768w, https:\/\/humanspaces.at\/wp-content\/uploads\/2025\/07\/beratung-bedarfsanalyse-wohnungskauf-1536x1024.jpg 1536w, https:\/\/humanspaces.at\/wp-content\/uploads\/2025\/07\/beratung-bedarfsanalyse-wohnungskauf.jpg 1600w\" sizes=\"(max-width: 1024px) 100vw, 1024px\" \/>\t\t\t\t\t\t\t\t\t\t\t\t\t\t\t<\/div>\n\t\t\t\t<\/div>\n\t\t\t\t<\/div>\n\t\t\t\t<\/div>\n\t\t<div class=\"elementor-element elementor-element-18891171 e-flex e-con-boxed e-con e-parent\" data-id=\"18891171\" data-element_type=\"container\" data-e-type=\"container\">\n\t\t\t\t\t<div class=\"e-con-inner\">\n\t\t\t\t<div class=\"elementor-element elementor-element-3dcca10f elementor-widget elementor-widget-text-editor\" data-id=\"3dcca10f\" data-element_type=\"widget\" data-e-type=\"widget\" data-widget_type=\"text-editor.default\">\n\t\t\t\t<div class=\"elementor-widget-container\">\n\t\t\t\t\t\t\t\t\t<p><b>Liability disclaimer<\/b><\/p><p>Within the framework of real estate purchase consulting at HUMAN SPACES, I offer you comprehensive and expert support in decision-making related to your property purchase. My services include reviewing floor plans, initial assessments of renovation needs and costs, and identifying the potential of the property. Additionally, I provide planning and implementation of interior design measures as well as handling modifications that are not structurally or physically relevant within the scope of my trade license. Please note that I do not offer detailed technical reports, structural or physical relevant examinations, legal advice, or classic architectural and engineering services for new construction or extensive renovations. For these specialized areas, I recommend consulting with specialized experts. Despite careful analysis and advice, I assume no liability for the completeness or accuracy of the information. The responsibility for the purchase decision and further implementation rests with the client.<\/p>\t\t\t\t\t\t\t\t<\/div>\n\t\t\t\t<\/div>\n\t\t\t\t\t<\/div>\n\t\t\t\t<\/div>\n\t\t\t\t<\/div>","protected":false},"excerpt":{"rendered":"<p>Gemeinsam mehr Expertise f\u00fcr Ihre Kunden. Technische Beratung f\u00fcr Immobilienmakler\u200b Human Spaces als erg\u00e4nzender Dienstleister gibt Ihren Kunden Sicherheit in [&hellip;]<\/p>\n","protected":false},"author":1,"featured_media":0,"parent":639,"menu_order":0,"comment_status":"closed","ping_status":"closed","template":"","meta":{"site-sidebar-layout":"no-sidebar","site-content-layout":"","ast-site-content-layout":"full-width-container","site-content-style":"default","site-sidebar-style":"default","ast-global-header-display":"","ast-banner-title-visibility":"","ast-main-header-display":"","ast-hfb-above-header-display":"","ast-hfb-below-header-display":"","ast-hfb-mobile-header-display":"","site-post-title":"disabled","ast-breadcrumbs-content":"","ast-featured-img":"disabled","footer-sml-layout":"","ast-disable-related-posts":"","theme-transparent-header-meta":"default","adv-header-id-meta":"","stick-header-meta":"","header-above-stick-meta":"","header-main-stick-meta":"","header-below-stick-meta":"","astra-migrate-meta-layouts":"set","ast-page-background-enabled":"default","ast-page-background-meta":{"desktop":{"background-color":"var(--ast-global-color-5)","background-image":"","background-repeat":"repeat","background-position":"center center","background-size":"auto","background-attachment":"scroll","background-type":"","background-media":"","overlay-type":"","overlay-color":"","overlay-opacity":"","overlay-gradient":""},"tablet":{"background-color":"","background-image":"","background-repeat":"repeat","background-position":"center center","background-size":"auto","background-attachment":"scroll","background-type":"","background-media":"","overlay-type":"","overlay-color":"","overlay-opacity":"","overlay-gradient":""},"mobile":{"background-color":"","background-image":"","background-repeat":"repeat","background-position":"center center","background-size":"auto","background-attachment":"scroll","background-type":"","background-media":"","overlay-type":"","overlay-color":"","overlay-opacity":"","overlay-gradient":""}},"ast-content-background-meta":{"desktop":{"background-color":"var(--ast-global-color-4)","background-image":"","background-repeat":"repeat","background-position":"center center","background-size":"auto","background-attachment":"scroll","background-type":"","background-media":"","overlay-type":"","overlay-color":"","overlay-opacity":"","overlay-gradient":""},"tablet":{"background-color":"var(--ast-global-color-4)","background-image":"","background-repeat":"repeat","background-position":"center center","background-size":"auto","background-attachment":"scroll","background-type":"","background-media":"","overlay-type":"","overlay-color":"","overlay-opacity":"","overlay-gradient":""},"mobile":{"background-color":"var(--ast-global-color-4)","background-image":"","background-repeat":"repeat","background-position":"center center","background-size":"auto","background-attachment":"scroll","background-type":"","background-media":"","overlay-type":"","overlay-color":"","overlay-opacity":"","overlay-gradient":""}},"footnotes":""},"class_list":["post-753","page","type-page","status-publish","hentry"],"_links":{"self":[{"href":"https:\/\/humanspaces.at\/en\/wp-json\/wp\/v2\/pages\/753","targetHints":{"allow":["GET"]}}],"collection":[{"href":"https:\/\/humanspaces.at\/en\/wp-json\/wp\/v2\/pages"}],"about":[{"href":"https:\/\/humanspaces.at\/en\/wp-json\/wp\/v2\/types\/page"}],"author":[{"embeddable":true,"href":"https:\/\/humanspaces.at\/en\/wp-json\/wp\/v2\/users\/1"}],"replies":[{"embeddable":true,"href":"https:\/\/humanspaces.at\/en\/wp-json\/wp\/v2\/comments?post=753"}],"version-history":[{"count":31,"href":"https:\/\/humanspaces.at\/en\/wp-json\/wp\/v2\/pages\/753\/revisions"}],"predecessor-version":[{"id":4681,"href":"https:\/\/humanspaces.at\/en\/wp-json\/wp\/v2\/pages\/753\/revisions\/4681"}],"up":[{"embeddable":true,"href":"https:\/\/humanspaces.at\/en\/wp-json\/wp\/v2\/pages\/639"}],"wp:attachment":[{"href":"https:\/\/humanspaces.at\/en\/wp-json\/wp\/v2\/media?parent=753"}],"curies":[{"name":"wp","href":"https:\/\/api.w.org\/{rel}","templated":true}]}}