{"id":751,"date":"2025-04-28T14:01:03","date_gmt":"2025-04-28T14:01:03","guid":{"rendered":"https:\/\/humanspaces.at\/?page_id=751"},"modified":"2025-09-10T17:01:17","modified_gmt":"2025-09-10T17:01:17","slug":"verkaufsunterlagen","status":"publish","type":"page","link":"https:\/\/humanspaces.at\/en\/leistungen\/kooperationspartner\/verkaufsunterlagen\/","title":{"rendered":"Immobilienverkaufsunterlagen"},"content":{"rendered":"<div data-elementor-type=\"wp-page\" data-elementor-id=\"751\" class=\"elementor elementor-751\">\n\t\t\t\t<div class=\"elementor-element elementor-element-7f51a23d e-flex e-con-boxed e-con e-parent\" data-id=\"7f51a23d\" data-element_type=\"container\" data-e-type=\"container\">\n\t\t\t\t\t<div class=\"e-con-inner\">\n\t\t\t\t<div class=\"elementor-element elementor-element-507a48ce elementor-widget elementor-widget-heading\" data-id=\"507a48ce\" data-element_type=\"widget\" data-e-type=\"widget\" data-widget_type=\"heading.default\">\n\t\t\t\t<div class=\"elementor-widget-container\">\n\t\t\t\t\t<h1 class=\"elementor-heading-title elementor-size-default\">Everything under one roof.<\/h1>\t\t\t\t<\/div>\n\t\t\t\t<\/div>\n\t\t\t\t\t<\/div>\n\t\t\t\t<\/div>\n\t\t<div class=\"elementor-element elementor-element-73aa650a e-con-full animated-slow e-flex elementor-invisible e-con e-parent\" data-id=\"73aa650a\" data-element_type=\"container\" data-e-type=\"container\" data-settings=\"{&quot;background_background&quot;:&quot;classic&quot;,&quot;animation&quot;:&quot;fadeInLeft&quot;,&quot;animation_delay&quot;:200}\">\n\t\t<div class=\"elementor-element elementor-element-6a2c4e26 e-con-full e-flex e-con e-child\" data-id=\"6a2c4e26\" data-element_type=\"container\" data-e-type=\"container\">\n\t\t\t\t<div class=\"elementor-element elementor-element-218b0dba elementor-widget-tablet__width-inherit elementor-widget elementor-widget-heading\" data-id=\"218b0dba\" data-element_type=\"widget\" data-e-type=\"widget\" data-widget_type=\"heading.default\">\n\t\t\t\t<div class=\"elementor-widget-container\">\n\t\t\t\t\t<h2 class=\"elementor-heading-title elementor-size-default\">Contract Documents &amp; Brochures <\/h2>\t\t\t\t<\/div>\n\t\t\t\t<\/div>\n\t\t\t\t<div class=\"elementor-element elementor-element-344d8dcc elementor-widget-tablet__width-inherit elementor-widget elementor-widget-text-editor\" data-id=\"344d8dcc\" data-element_type=\"widget\" data-e-type=\"widget\" data-widget_type=\"text-editor.default\">\n\t\t\t\t<div class=\"elementor-widget-container\">\n\t\t\t\t\t\t\t\t\t<p>All relevant documents\u00a0<span style=\"font-size: 1rem;\">checked and prepared<\/span><span style=\"font-style: inherit; font-weight: inherit;\">\u00a0from a single source \u2013 from the attractive sales expos\u00e9 to the technical documentation for the purchase completion.<\/span><\/p>\t\t\t\t\t\t\t\t<\/div>\n\t\t\t\t<\/div>\n\t\t\t\t<div class=\"elementor-element elementor-element-4a212bd8 elementor-mobile-align-center elementor-align-center elementor-widget elementor-widget-button\" data-id=\"4a212bd8\" data-element_type=\"widget\" data-e-type=\"widget\" data-widget_type=\"button.default\">\n\t\t\t\t<div class=\"elementor-widget-container\">\n\t\t\t\t\t\t\t\t\t<div class=\"elementor-button-wrapper\">\n\t\t\t\t\t<a class=\"elementor-button elementor-button-link elementor-size-sm\" href=\"https:\/\/humanspaces.at\/en\/kontakt\/\">\n\t\t\t\t\t\t<span class=\"elementor-button-content-wrapper\">\n\t\t\t\t\t\t\t\t\t<span class=\"elementor-button-text\">Request now<\/span>\n\t\t\t\t\t<\/span>\n\t\t\t\t\t<\/a>\n\t\t\t\t<\/div>\n\t\t\t\t\t\t\t\t<\/div>\n\t\t\t\t<\/div>\n\t\t\t\t<\/div>\n\t\t<div class=\"elementor-element elementor-element-476d9f62 e-con-full e-flex e-con e-child\" data-id=\"476d9f62\" data-element_type=\"container\" data-e-type=\"container\">\n\t\t\t\t<div class=\"elementor-element elementor-element-6c783c68 elementor-widget elementor-widget-image\" data-id=\"6c783c68\" data-element_type=\"widget\" data-e-type=\"widget\" data-widget_type=\"image.default\">\n\t\t\t\t<div class=\"elementor-widget-container\">\n\t\t\t\t\t\t\t\t\t\t\t\t\t\t\t<img fetchpriority=\"high\" decoding=\"async\" width=\"1024\" height=\"683\" src=\"https:\/\/humanspaces.at\/wp-content\/uploads\/2025\/07\/immobilienberatung-planung-kammerer-1024x683.jpg\" class=\"attachment-large size-large wp-image-2555\" alt=\"Immobilienprofi sitzt am Arbeitsplatz, sichtet Verkaufsunterlagen und erarbeitet die Grundrissplanung einer Immobilie.\" srcset=\"https:\/\/humanspaces.at\/wp-content\/uploads\/2025\/07\/immobilienberatung-planung-kammerer-1024x683.jpg 1024w, https:\/\/humanspaces.at\/wp-content\/uploads\/2025\/07\/immobilienberatung-planung-kammerer-300x200.jpg 300w, https:\/\/humanspaces.at\/wp-content\/uploads\/2025\/07\/immobilienberatung-planung-kammerer-768x512.jpg 768w, https:\/\/humanspaces.at\/wp-content\/uploads\/2025\/07\/immobilienberatung-planung-kammerer-1536x1024.jpg 1536w, https:\/\/humanspaces.at\/wp-content\/uploads\/2025\/07\/immobilienberatung-planung-kammerer.jpg 1600w\" sizes=\"(max-width: 1024px) 100vw, 1024px\" \/>\t\t\t\t\t\t\t\t\t\t\t\t\t\t\t<\/div>\n\t\t\t\t<\/div>\n\t\t\t\t<\/div>\n\t\t\t\t<\/div>\n\t\t<div class=\"elementor-element elementor-element-62e3a457 e-con-full animated-slow e-flex elementor-invisible e-con e-parent\" data-id=\"62e3a457\" data-element_type=\"container\" data-e-type=\"container\" data-settings=\"{&quot;background_background&quot;:&quot;classic&quot;,&quot;animation&quot;:&quot;fadeInRight&quot;,&quot;animation_delay&quot;:600}\">\n\t\t<div class=\"elementor-element elementor-element-2483fe81 e-con-full e-flex e-con e-child\" data-id=\"2483fe81\" data-element_type=\"container\" data-e-type=\"container\">\n\t\t\t\t<div class=\"elementor-element elementor-element-1c03f1a0 elementor-widget-tablet__width-inherit elementor-widget elementor-widget-text-editor\" data-id=\"1c03f1a0\" data-element_type=\"widget\" data-e-type=\"widget\" data-widget_type=\"text-editor.default\">\n\t\t\t\t<div class=\"elementor-widget-container\">\n\t\t\t\t\t\t\t\t\t<p class=\"my-0\" style=\"font-size: 18px; font-style: normal; font-weight: 400;\"><span style=\"font-weight: bold;\">Scope of services:<\/span><\/p><ul style=\"font-size: 18px; font-style: normal; font-weight: 400;\"><li style=\"font-size: 18px; list-style-type: none;\"><ul class=\"marker:text-textOff list-disc\" style=\"font-size: 18px;\"><li style=\"font-size: 18px;\"><p class=\"my-0\" style=\"font-size: 18px;\">Review and preparation of all relevant sales documents (floor plans, building description, energy performance certificate, building permits)<\/p><\/li><li style=\"font-size: 18px;\">Creation of Sales Brochures<\/li><li style=\"font-size: 18px;\"><p class=\"my-0\" style=\"font-size: 18px;\">Creation of checklists for document completeness<\/p><\/li><li style=\"font-size: 18px;\"><p class=\"my-0\" style=\"font-size: 18px;\">Compilation of legally and technically relevant documents for a smooth sales process<\/p><\/li><\/ul><\/li><\/ul><p class=\"my-0\" style=\"font-size: 18px; font-style: normal; font-weight: 400;\"><span style=\"font-weight: bold;\">Result:<\/span><\/p><ul style=\"font-size: 18px; font-style: normal; font-weight: 400;\"><li style=\"font-size: 18px; list-style-type: none;\"><ul class=\"marker:text-textOff list-disc\" style=\"font-size: 18px;\"><li style=\"font-size: 18px;\"><p class=\"my-0\" style=\"font-size: 18px;\">You offer your buyers complete and verified documents, which builds trust and accelerates the sales process.<\/p><\/li><\/ul><\/li><\/ul><p class=\"my-0\" style=\"font-size: 18px; font-style: normal; font-weight: 400;\"><span style=\"font-weight: bold;\">Costs:<\/span>\u00a0according to effort<\/p>\t\t\t\t\t\t\t\t<\/div>\n\t\t\t\t<\/div>\n\t\t\t\t<\/div>\n\t\t<div class=\"elementor-element elementor-element-5113ac61 e-con-full e-flex e-con e-child\" data-id=\"5113ac61\" data-element_type=\"container\" data-e-type=\"container\">\n\t\t\t\t<div class=\"elementor-element elementor-element-2898ef84 elementor-widget-tablet__width-inherit elementor-widget elementor-widget-image\" data-id=\"2898ef84\" data-element_type=\"widget\" data-e-type=\"widget\" data-widget_type=\"image.default\">\n\t\t\t\t<div class=\"elementor-widget-container\">\n\t\t\t\t\t\t\t\t\t\t\t\t\t\t\t<img decoding=\"async\" width=\"1024\" height=\"683\" src=\"https:\/\/humanspaces.at\/wp-content\/uploads\/2025\/07\/immobiliencheck-kammerer-planung-1024x683.jpg\" class=\"attachment-large size-large wp-image-2548\" alt=\"Katja Kammerer pr\u00fcft bei der Immobilienkauf-Beratung digitale und gedruckte Baupl\u00e4ne am Schreibtisch. Sie bietet auch technische Beratung f\u00fcr Immobilienmakler an.\" srcset=\"https:\/\/humanspaces.at\/wp-content\/uploads\/2025\/07\/immobiliencheck-kammerer-planung-1024x683.jpg 1024w, https:\/\/humanspaces.at\/wp-content\/uploads\/2025\/07\/immobiliencheck-kammerer-planung-300x200.jpg 300w, https:\/\/humanspaces.at\/wp-content\/uploads\/2025\/07\/immobiliencheck-kammerer-planung-768x512.jpg 768w, https:\/\/humanspaces.at\/wp-content\/uploads\/2025\/07\/immobiliencheck-kammerer-planung-1536x1024.jpg 1536w, https:\/\/humanspaces.at\/wp-content\/uploads\/2025\/07\/immobiliencheck-kammerer-planung.jpg 1600w\" sizes=\"(max-width: 1024px) 100vw, 1024px\" \/>\t\t\t\t\t\t\t\t\t\t\t\t\t\t\t<\/div>\n\t\t\t\t<\/div>\n\t\t\t\t<\/div>\n\t\t\t\t<\/div>\n\t\t<div class=\"elementor-element elementor-element-60e81f83 e-flex e-con-boxed e-con e-parent\" data-id=\"60e81f83\" data-element_type=\"container\" data-e-type=\"container\">\n\t\t\t\t\t<div class=\"e-con-inner\">\n\t\t\t\t<div class=\"elementor-element elementor-element-451f9563 elementor-widget elementor-widget-text-editor\" data-id=\"451f9563\" data-element_type=\"widget\" data-e-type=\"widget\" data-widget_type=\"text-editor.default\">\n\t\t\t\t<div class=\"elementor-widget-container\">\n\t\t\t\t\t\t\t\t\t<p><b>Liability disclaimer<\/b><\/p><p>Within the framework of real estate purchase consulting at HUMAN SPACES, I offer you comprehensive and expert support in decision-making related to your property purchase. My services include reviewing floor plans, initial assessments of renovation needs and costs, and identifying the potential of the property. Additionally, I provide planning and implementation of interior design measures as well as handling modifications that are not structurally or physically relevant within the scope of my trade license. Please note that I do not offer detailed technical reports, structural or physical relevant examinations, legal advice, or classic architectural and engineering services for new construction or extensive renovations. For these specialized areas, I recommend consulting with specialized experts. Despite careful analysis and advice, I assume no liability for the completeness or accuracy of the information. The responsibility for the purchase decision and further implementation rests with the client.<\/p>\t\t\t\t\t\t\t\t<\/div>\n\t\t\t\t<\/div>\n\t\t\t\t\t<\/div>\n\t\t\t\t<\/div>\n\t\t\t\t<\/div>","protected":false},"excerpt":{"rendered":"<p>Volle \u00dcbersicht aus einer Hand. Verkaufsunterlagen Alle relevanten Unterlagen\u00a0aus einer Hand\u00a0gepr\u00fcft und aufbereitet &#8211; vom attraktiven Verkaufsexpos\u00e9e \u00fcber die technische [&hellip;]<\/p>\n","protected":false},"author":1,"featured_media":0,"parent":639,"menu_order":0,"comment_status":"closed","ping_status":"closed","template":"","meta":{"site-sidebar-layout":"no-sidebar","site-content-layout":"","ast-site-content-layout":"full-width-container","site-content-style":"default","site-sidebar-style":"default","ast-global-header-display":"","ast-banner-title-visibility":"","ast-main-header-display":"","ast-hfb-above-header-display":"","ast-hfb-below-header-display":"","ast-hfb-mobile-header-display":"","site-post-title":"disabled","ast-breadcrumbs-content":"","ast-featured-img":"disabled","footer-sml-layout":"","ast-disable-related-posts":"","theme-transparent-header-meta":"default","adv-header-id-meta":"","stick-header-meta":"","header-above-stick-meta":"","header-main-stick-meta":"","header-below-stick-meta":"","astra-migrate-meta-layouts":"set","ast-page-background-enabled":"default","ast-page-background-meta":{"desktop":{"background-color":"var(--ast-global-color-5)","background-image":"","background-repeat":"repeat","background-position":"center center","background-size":"auto","background-attachment":"scroll","background-type":"","background-media":"","overlay-type":"","overlay-color":"","overlay-opacity":"","overlay-gradient":""},"tablet":{"background-color":"","background-image":"","background-repeat":"repeat","background-position":"center center","background-size":"auto","background-attachment":"scroll","background-type":"","background-media":"","overlay-type":"","overlay-color":"","overlay-opacity":"","overlay-gradient":""},"mobile":{"background-color":"","background-image":"","background-repeat":"repeat","background-position":"center center","background-size":"auto","background-attachment":"scroll","background-type":"","background-media":"","overlay-type":"","overlay-color":"","overlay-opacity":"","overlay-gradient":""}},"ast-content-background-meta":{"desktop":{"background-color":"var(--ast-global-color-4)","background-image":"","background-repeat":"repeat","background-position":"center center","background-size":"auto","background-attachment":"scroll","background-type":"","background-media":"","overlay-type":"","overlay-color":"","overlay-opacity":"","overlay-gradient":""},"tablet":{"background-color":"var(--ast-global-color-4)","background-image":"","background-repeat":"repeat","background-position":"center center","background-size":"auto","background-attachment":"scroll","background-type":"","background-media":"","overlay-type":"","overlay-color":"","overlay-opacity":"","overlay-gradient":""},"mobile":{"background-color":"var(--ast-global-color-4)","background-image":"","background-repeat":"repeat","background-position":"center center","background-size":"auto","background-attachment":"scroll","background-type":"","background-media":"","overlay-type":"","overlay-color":"","overlay-opacity":"","overlay-gradient":""}},"footnotes":""},"class_list":["post-751","page","type-page","status-publish","hentry"],"_links":{"self":[{"href":"https:\/\/humanspaces.at\/en\/wp-json\/wp\/v2\/pages\/751","targetHints":{"allow":["GET"]}}],"collection":[{"href":"https:\/\/humanspaces.at\/en\/wp-json\/wp\/v2\/pages"}],"about":[{"href":"https:\/\/humanspaces.at\/en\/wp-json\/wp\/v2\/types\/page"}],"author":[{"embeddable":true,"href":"https:\/\/humanspaces.at\/en\/wp-json\/wp\/v2\/users\/1"}],"replies":[{"embeddable":true,"href":"https:\/\/humanspaces.at\/en\/wp-json\/wp\/v2\/comments?post=751"}],"version-history":[{"count":39,"href":"https:\/\/humanspaces.at\/en\/wp-json\/wp\/v2\/pages\/751\/revisions"}],"predecessor-version":[{"id":4714,"href":"https:\/\/humanspaces.at\/en\/wp-json\/wp\/v2\/pages\/751\/revisions\/4714"}],"up":[{"embeddable":true,"href":"https:\/\/humanspaces.at\/en\/wp-json\/wp\/v2\/pages\/639"}],"wp:attachment":[{"href":"https:\/\/humanspaces.at\/en\/wp-json\/wp\/v2\/media?parent=751"}],"curies":[{"name":"wp","href":"https:\/\/api.w.org\/{rel}","templated":true}]}}