{"id":745,"date":"2025-04-28T13:59:09","date_gmt":"2025-04-28T13:59:09","guid":{"rendered":"https:\/\/humanspaces.at\/?page_id=745"},"modified":"2025-11-11T14:01:28","modified_gmt":"2025-11-11T14:01:28","slug":"immobilienbesichtigung","status":"publish","type":"page","link":"https:\/\/humanspaces.at\/en\/leistungen\/privatkunden\/immobilienbesichtigung\/","title":{"rendered":"Immobilienbesichtigung &#038; Unterlagencheck"},"content":{"rendered":"<div data-elementor-type=\"wp-page\" data-elementor-id=\"745\" class=\"elementor elementor-745\">\n\t\t\t\t<div class=\"elementor-element elementor-element-1d9e8034 e-flex e-con-boxed e-con e-parent\" data-id=\"1d9e8034\" data-element_type=\"container\" data-e-type=\"container\">\n\t\t\t\t\t<div class=\"e-con-inner\">\n\t\t\t\t<div class=\"elementor-element elementor-element-2b8c38ba elementor-widget elementor-widget-heading\" data-id=\"2b8c38ba\" data-element_type=\"widget\" data-e-type=\"widget\" data-widget_type=\"heading.default\">\n\t\t\t\t<div class=\"elementor-widget-container\">\n\t\t\t\t\t<h1 class=\"elementor-heading-title elementor-size-default\">The first step towards the right decision.<\/h1>\t\t\t\t<\/div>\n\t\t\t\t<\/div>\n\t\t\t\t\t<\/div>\n\t\t\t\t<\/div>\n\t\t<div class=\"elementor-element elementor-element-217232d6 e-con-full animated-slow e-flex elementor-invisible e-con e-parent\" data-id=\"217232d6\" data-element_type=\"container\" data-e-type=\"container\" data-settings=\"{&quot;background_background&quot;:&quot;classic&quot;,&quot;animation&quot;:&quot;fadeInLeft&quot;,&quot;animation_delay&quot;:200}\">\n\t\t<div class=\"elementor-element elementor-element-34d5f840 e-con-full e-flex e-con e-child\" data-id=\"34d5f840\" data-element_type=\"container\" data-e-type=\"container\">\n\t\t\t\t<div class=\"elementor-element elementor-element-64286080 elementor-widget-tablet__width-inherit elementor-widget elementor-widget-heading\" data-id=\"64286080\" data-element_type=\"widget\" data-e-type=\"widget\" data-widget_type=\"heading.default\">\n\t\t\t\t<div class=\"elementor-widget-container\">\n\t\t\t\t\t<h2 class=\"elementor-heading-title elementor-size-default\">Begleitung zu Ihrer Immobilienbesichtigung<\/h2>\t\t\t\t<\/div>\n\t\t\t\t<\/div>\n\t\t\t\t<div class=\"elementor-element elementor-element-2d70a983 elementor-widget-tablet__width-inherit elementor-widget elementor-widget-text-editor\" data-id=\"2d70a983\" data-element_type=\"widget\" data-e-type=\"widget\" data-widget_type=\"text-editor.default\">\n\t\t\t\t<div class=\"elementor-widget-container\">\n\t\t\t\t\t\t\t\t\t<p>Ich begleite Sie pers\u00f6nlich zu Ihrer Besichtigung. Zuvor sichte ich Unterlagen, die Ihnen bereits vorliegen und wir f\u00fchren ein kurzes Abstimmungsgespr\u00e4ch. Bei der Besichtigung begutachte ich den Gesamtzustand der Immobilie, achte jedoch auch auf M\u00e4ngel wie schlecht gewartete Fenster oder sonstige Auff\u00e4lligkeiten wie Feuchteflecken oder Ger\u00fcche.\u00a0<\/p><p>I assist you in conversations with the seller and ask critical questions if there are any uncertainties. For renovation requests, we can directly check whether these are generally feasible. If needed, I also go into design ideas and furniture layout in more detail.\u00a0<\/p><p>You will receive an initial assessment as a basis for your decision-making.<\/p>\t\t\t\t\t\t\t\t<\/div>\n\t\t\t\t<\/div>\n\t\t\t\t<div class=\"elementor-element elementor-element-3503e3c9 elementor-mobile-align-center elementor-align-center elementor-widget elementor-widget-button\" data-id=\"3503e3c9\" data-element_type=\"widget\" data-e-type=\"widget\" data-widget_type=\"button.default\">\n\t\t\t\t<div class=\"elementor-widget-container\">\n\t\t\t\t\t\t\t\t\t<div class=\"elementor-button-wrapper\">\n\t\t\t\t\t<a class=\"elementor-button elementor-button-link elementor-size-sm\" href=\"https:\/\/humanspaces.at\/en\/kontakt\/\">\n\t\t\t\t\t\t<span class=\"elementor-button-content-wrapper\">\n\t\t\t\t\t\t\t\t\t<span class=\"elementor-button-text\">Request now<\/span>\n\t\t\t\t\t<\/span>\n\t\t\t\t\t<\/a>\n\t\t\t\t<\/div>\n\t\t\t\t\t\t\t\t<\/div>\n\t\t\t\t<\/div>\n\t\t\t\t<\/div>\n\t\t<div class=\"elementor-element elementor-element-12443147 e-con-full e-flex e-con e-child\" data-id=\"12443147\" data-element_type=\"container\" data-e-type=\"container\">\n\t\t\t\t<div class=\"elementor-element elementor-element-5410f285 elementor-widget elementor-widget-image\" data-id=\"5410f285\" data-element_type=\"widget\" data-e-type=\"widget\" data-widget_type=\"image.default\">\n\t\t\t\t<div class=\"elementor-widget-container\">\n\t\t\t\t\t\t\t\t\t\t\t\t\t\t\t<img fetchpriority=\"high\" decoding=\"async\" width=\"1024\" height=\"683\" src=\"https:\/\/humanspaces.at\/wp-content\/uploads\/2025\/07\/kammerer-immobilienkauf-checkliste-1024x683.jpg\" class=\"attachment-large size-large wp-image-2527\" alt=\"Eine Immobilienberaterin \u00fcberpr\u00fcft w\u00e4hrend einer Immobilienbesichtigung gemeinsam mit einem Kunden eine Checkliste zum Immobilienkauf.\" srcset=\"https:\/\/humanspaces.at\/wp-content\/uploads\/2025\/07\/kammerer-immobilienkauf-checkliste-1024x683.jpg 1024w, https:\/\/humanspaces.at\/wp-content\/uploads\/2025\/07\/kammerer-immobilienkauf-checkliste-300x200.jpg 300w, https:\/\/humanspaces.at\/wp-content\/uploads\/2025\/07\/kammerer-immobilienkauf-checkliste-768x512.jpg 768w, https:\/\/humanspaces.at\/wp-content\/uploads\/2025\/07\/kammerer-immobilienkauf-checkliste-1536x1024.jpg 1536w, https:\/\/humanspaces.at\/wp-content\/uploads\/2025\/07\/kammerer-immobilienkauf-checkliste.jpg 1600w\" sizes=\"(max-width: 1024px) 100vw, 1024px\" \/>\t\t\t\t\t\t\t\t\t\t\t\t\t\t\t<\/div>\n\t\t\t\t<\/div>\n\t\t\t\t<\/div>\n\t\t\t\t<\/div>\n\t\t<div class=\"elementor-element elementor-element-5a19511c e-con-full animated-slow e-flex elementor-invisible e-con e-parent\" data-id=\"5a19511c\" data-element_type=\"container\" data-e-type=\"container\" data-settings=\"{&quot;background_background&quot;:&quot;classic&quot;,&quot;animation&quot;:&quot;fadeInRight&quot;,&quot;animation_delay&quot;:600}\">\n\t\t<div class=\"elementor-element elementor-element-2cb036fd e-con-full e-flex e-con e-child\" data-id=\"2cb036fd\" data-element_type=\"container\" data-e-type=\"container\">\n\t\t\t\t<div class=\"elementor-element elementor-element-415ae059 elementor-widget-tablet__width-inherit elementor-widget__width-inherit elementor-widget elementor-widget-text-editor\" data-id=\"415ae059\" data-element_type=\"widget\" data-e-type=\"widget\" data-widget_type=\"text-editor.default\">\n\t\t\t\t<div class=\"elementor-widget-container\">\n\t\t\t\t\t\t\t\t\t<p><strong>Preparation:<\/strong><\/p><ul><li style=\"list-style-type: none;\"><ul style=\"font-size: 18px;\"><li style=\"font-size: 18px;\"><p style=\"font-size: 18px;\">Quick check of the online listing<\/p><\/li><li style=\"font-size: 18px;\"><p style=\"font-size: 18px;\">Pre-discussion via phone (15 min)<\/p><\/li><li style=\"font-size: 18px;\"><p style=\"font-size: 18px;\">Review of the submitted documents (plans, land register excerpt, etc.)<\/p><\/li><\/ul><\/li><\/ul><p style=\"font-size: 18px; font-style: normal; font-weight: 400;\"><span style=\"font-weight: bold;\">On-site-appointment:<\/span><\/p><ul><li style=\"list-style-type: none;\"><ul style=\"font-size: 18px;\"><li style=\"font-size: 18px;\"><p style=\"font-size: 18px;\">Begleitung zur Immobilienbesichtigung (bis zu 60 min)<\/p><\/li><li style=\"font-size: 18px;\"><p style=\"font-size: 18px;\">Visual and technical initial assessment of the building condition<\/p><\/li><li style=\"font-size: 18px;\"><p style=\"font-size: 18px;\"><span style=\"font-style: inherit; font-weight: inherit;\">Identification of structural defects and other anomalies<\/span><\/p><\/li><li style=\"font-size: 18px;\"><p style=\"font-size: 18px;\"><span style=\"font-style: inherit; font-weight: inherit;\">Assessment<\/span><span style=\"font-style: inherit; font-weight: inherit;\">\u00a0from\u00a0<\/span>renovation needs and scope<\/p><\/li><li style=\"font-size: 18px;\"><p style=\"font-size: 18px;\">Review of the room layout and flexibility of the floor plan<\/p><\/li><li style=\"font-size: 18px;\"><p style=\"font-size: 18px;\">Identification of potential uses and design ideas<\/p><\/li><li style=\"font-size: 18px;\"><p style=\"font-size: 18px;\"><span style=\"font-style: inherit; font-weight: inherit;\">Targeted inquiries about critical issues and inconsistencies<\/span><\/p><\/li><\/ul><\/li><\/ul><p><strong><span style=\"font-style: inherit;\">Closing discussion:<\/span><\/strong><\/p><ul><li style=\"list-style-type: none;\"><ul style=\"font-size: 18px;\"><li><p>Debriefing (<span style=\"font-style: inherit; font-weight: inherit;\">30 min)<\/span><span style=\"font-style: inherit; font-weight: inherit;\">\u00a0following the viewing\u00a0<\/span><\/p><\/li><li><p>Written initial assessment\u00a0<\/p><\/li><\/ul><\/li><\/ul><p><span style=\"font-style: inherit; font-weight: bold;\">Costs<\/span><strong><span style=\"font-style: inherit;\">:<\/span><\/strong><span style=\"font-style: inherit; font-weight: inherit;\"><strong>\u00a0 \u00a0\u00a0<\/strong><\/span><strong style=\"font-style: inherit;\">450\u202f\u20ac\u00a0<\/strong><\/p><ul><li style=\"list-style-type: none;\"><ul><li><span style=\"font-style: inherit; font-weight: inherit;\">Price per property up to 200m\u00b2 usable space\u00a0<\/span><\/li><li><span style=\"font-style: inherit; font-weight: inherit;\">Including travel (max. 35 minutes) in Vienna<\/span><\/li><li><span style=\"font-style: inherit; font-weight: inherit;\">Package prices for multiple viewings by arrangement<\/span><\/li><\/ul><\/li><\/ul>\t\t\t\t\t\t\t\t<\/div>\n\t\t\t\t<\/div>\n\t\t\t\t<\/div>\n\t\t<div class=\"elementor-element elementor-element-75d37262 e-con-full e-flex e-con e-child\" data-id=\"75d37262\" data-element_type=\"container\" data-e-type=\"container\">\n\t\t\t\t<div class=\"elementor-element elementor-element-295ec896 elementor-widget-tablet__width-inherit elementor-widget elementor-widget-image\" data-id=\"295ec896\" data-element_type=\"widget\" data-e-type=\"widget\" data-widget_type=\"image.default\">\n\t\t\t\t<div class=\"elementor-widget-container\">\n\t\t\t\t\t\t\t\t\t\t\t\t\t\t\t<img decoding=\"async\" width=\"1024\" height=\"683\" src=\"https:\/\/humanspaces.at\/wp-content\/uploads\/2025\/07\/immobiliencheck-kammerer-besichtigung-1024x683.jpg\" class=\"attachment-large size-large wp-image-2528\" alt=\"Eine Immobilienberaterin weist ihren Kunden auf einen technischen Mangel bei der Wohnungsbesichtigung hin und erfasst diesen in einer Checkliste.\" srcset=\"https:\/\/humanspaces.at\/wp-content\/uploads\/2025\/07\/immobiliencheck-kammerer-besichtigung-1024x683.jpg 1024w, https:\/\/humanspaces.at\/wp-content\/uploads\/2025\/07\/immobiliencheck-kammerer-besichtigung-300x200.jpg 300w, https:\/\/humanspaces.at\/wp-content\/uploads\/2025\/07\/immobiliencheck-kammerer-besichtigung-768x512.jpg 768w, https:\/\/humanspaces.at\/wp-content\/uploads\/2025\/07\/immobiliencheck-kammerer-besichtigung-1536x1024.jpg 1536w, https:\/\/humanspaces.at\/wp-content\/uploads\/2025\/07\/immobiliencheck-kammerer-besichtigung.jpg 1600w\" sizes=\"(max-width: 1024px) 100vw, 1024px\" \/>\t\t\t\t\t\t\t\t\t\t\t\t\t\t\t<\/div>\n\t\t\t\t<\/div>\n\t\t\t\t<\/div>\n\t\t\t\t<\/div>\n\t\t<div class=\"elementor-element elementor-element-3aab6d30 e-flex e-con-boxed e-con e-parent\" data-id=\"3aab6d30\" data-element_type=\"container\" data-e-type=\"container\">\n\t\t\t\t\t<div class=\"e-con-inner\">\n\t\t\t\t\t<\/div>\n\t\t\t\t<\/div>\n\t\t<div class=\"elementor-element elementor-element-55c84798 e-flex e-con-boxed e-con e-parent\" data-id=\"55c84798\" data-element_type=\"container\" data-e-type=\"container\">\n\t\t\t\t\t<div class=\"e-con-inner\">\n\t\t\t\t<div class=\"elementor-element elementor-element-159bd1c7 elementor-widget elementor-widget-text-editor\" data-id=\"159bd1c7\" data-element_type=\"widget\" data-e-type=\"widget\" data-widget_type=\"text-editor.default\">\n\t\t\t\t<div class=\"elementor-widget-container\">\n\t\t\t\t\t\t\t\t\t<p><b>Liability disclaimer<\/b><\/p><p>Within the framework of real estate purchase consulting at HUMAN SPACES, I offer you comprehensive and expert support in decision-making related to your property purchase. My services include reviewing floor plans, initial assessments of renovation needs and costs, and identifying the potential of the property. Additionally, I provide planning and implementation of interior design measures as well as handling modifications that are not structurally or physically relevant within the scope of my trade license. Please note that I do not offer detailed technical reports, structural or physical relevant examinations, legal advice, or classic architectural and engineering services for new construction or extensive renovations. For these specialized areas, I recommend consulting with specialized experts. Despite careful analysis and advice, I assume no liability for the completeness or accuracy of the information. The responsibility for the purchase decision and further implementation rests with the client.<\/p>\t\t\t\t\t\t\t\t<\/div>\n\t\t\t\t<\/div>\n\t\t\t\t\t<\/div>\n\t\t\t\t<\/div>\n\t\t\t\t<\/div>","protected":false},"excerpt":{"rendered":"<p>Bedarfsanalyse ImmobilienkaufGanzheitliche Immobilienkaufberatung Der erste Schritt zur richtigen Entscheidung. Begleitung zu Ihrer Immobilienbesichtigung Ich begleite Sie pers\u00f6nlich zu Ihrer Besichtigung. [&hellip;]<\/p>\n","protected":false},"author":1,"featured_media":2527,"parent":641,"menu_order":0,"comment_status":"closed","ping_status":"closed","template":"","meta":{"site-sidebar-layout":"no-sidebar","site-content-layout":"","ast-site-content-layout":"full-width-container","site-content-style":"default","site-sidebar-style":"default","ast-global-header-display":"","ast-banner-title-visibility":"","ast-main-header-display":"","ast-hfb-above-header-display":"","ast-hfb-below-header-display":"","ast-hfb-mobile-header-display":"","site-post-title":"disabled","ast-breadcrumbs-content":"","ast-featured-img":"disabled","footer-sml-layout":"","ast-disable-related-posts":"","theme-transparent-header-meta":"default","adv-header-id-meta":"","stick-header-meta":"","header-above-stick-meta":"","header-main-stick-meta":"","header-below-stick-meta":"","astra-migrate-meta-layouts":"set","ast-page-background-enabled":"default","ast-page-background-meta":{"desktop":{"background-color":"var(--ast-global-color-5)","background-image":"","background-repeat":"repeat","background-position":"center center","background-size":"auto","background-attachment":"scroll","background-type":"","background-media":"","overlay-type":"","overlay-color":"","overlay-opacity":"","overlay-gradient":""},"tablet":{"background-color":"","background-image":"","background-repeat":"repeat","background-position":"center center","background-size":"auto","background-attachment":"scroll","background-type":"","background-media":"","overlay-type":"","overlay-color":"","overlay-opacity":"","overlay-gradient":""},"mobile":{"background-color":"","background-image":"","background-repeat":"repeat","background-position":"center center","background-size":"auto","background-attachment":"scroll","background-type":"","background-media":"","overlay-type":"","overlay-color":"","overlay-opacity":"","overlay-gradient":""}},"ast-content-background-meta":{"desktop":{"background-color":"var(--ast-global-color-4)","background-image":"","background-repeat":"repeat","background-position":"center center","background-size":"auto","background-attachment":"scroll","background-type":"","background-media":"","overlay-type":"","overlay-color":"","overlay-opacity":"","overlay-gradient":""},"tablet":{"background-color":"var(--ast-global-color-4)","background-image":"","background-repeat":"repeat","background-position":"center center","background-size":"auto","background-attachment":"scroll","background-type":"","background-media":"","overlay-type":"","overlay-color":"","overlay-opacity":"","overlay-gradient":""},"mobile":{"background-color":"var(--ast-global-color-4)","background-image":"","background-repeat":"repeat","background-position":"center center","background-size":"auto","background-attachment":"scroll","background-type":"","background-media":"","overlay-type":"","overlay-color":"","overlay-opacity":"","overlay-gradient":""}},"footnotes":""},"class_list":["post-745","page","type-page","status-publish","has-post-thumbnail","hentry"],"_links":{"self":[{"href":"https:\/\/humanspaces.at\/en\/wp-json\/wp\/v2\/pages\/745","targetHints":{"allow":["GET"]}}],"collection":[{"href":"https:\/\/humanspaces.at\/en\/wp-json\/wp\/v2\/pages"}],"about":[{"href":"https:\/\/humanspaces.at\/en\/wp-json\/wp\/v2\/types\/page"}],"author":[{"embeddable":true,"href":"https:\/\/humanspaces.at\/en\/wp-json\/wp\/v2\/users\/1"}],"replies":[{"embeddable":true,"href":"https:\/\/humanspaces.at\/en\/wp-json\/wp\/v2\/comments?post=745"}],"version-history":[{"count":217,"href":"https:\/\/humanspaces.at\/en\/wp-json\/wp\/v2\/pages\/745\/revisions"}],"predecessor-version":[{"id":5120,"href":"https:\/\/humanspaces.at\/en\/wp-json\/wp\/v2\/pages\/745\/revisions\/5120"}],"up":[{"embeddable":true,"href":"https:\/\/humanspaces.at\/en\/wp-json\/wp\/v2\/pages\/641"}],"wp:featuredmedia":[{"embeddable":true,"href":"https:\/\/humanspaces.at\/en\/wp-json\/wp\/v2\/media\/2527"}],"wp:attachment":[{"href":"https:\/\/humanspaces.at\/en\/wp-json\/wp\/v2\/media?parent=745"}],"curies":[{"name":"wp","href":"https:\/\/api.w.org\/{rel}","templated":true}]}}