{"id":739,"date":"2025-04-28T13:57:53","date_gmt":"2025-04-28T13:57:53","guid":{"rendered":"https:\/\/humanspaces.at\/?page_id=739"},"modified":"2025-09-10T16:54:28","modified_gmt":"2025-09-10T16:54:28","slug":"bedarfsanalyse","status":"publish","type":"page","link":"https:\/\/humanspaces.at\/en\/leistungen\/privatkunden\/bedarfsanalyse\/","title":{"rendered":"Bedarfsanalyse f\u00fcr Ihre Immobiliensuche"},"content":{"rendered":"<div data-elementor-type=\"wp-page\" data-elementor-id=\"739\" class=\"elementor elementor-739\">\n\t\t\t\t<div class=\"elementor-element elementor-element-13dd3cb6 e-flex e-con-boxed e-con e-parent\" data-id=\"13dd3cb6\" data-element_type=\"container\" data-e-type=\"container\">\n\t\t\t\t\t<div class=\"e-con-inner\">\n\t\t\t\t<div class=\"elementor-element elementor-element-15f0e8a1 elementor-widget elementor-widget-heading\" data-id=\"15f0e8a1\" data-element_type=\"widget\" data-e-type=\"widget\" data-widget_type=\"heading.default\">\n\t\t\t\t<div class=\"elementor-widget-container\">\n\t\t\t\t\t<h1 class=\"elementor-heading-title elementor-size-default\">Your property profile to help you find your property.<\/h1>\t\t\t\t<\/div>\n\t\t\t\t<\/div>\n\t\t\t\t\t<\/div>\n\t\t\t\t<\/div>\n\t\t<div class=\"elementor-element elementor-element-5ba3f90e e-con-full animated-slow e-flex elementor-invisible e-con e-parent\" data-id=\"5ba3f90e\" data-element_type=\"container\" data-e-type=\"container\" data-settings=\"{&quot;background_background&quot;:&quot;classic&quot;,&quot;animation&quot;:&quot;fadeInLeft&quot;,&quot;animation_delay&quot;:200}\">\n\t\t<div class=\"elementor-element elementor-element-457a90d5 e-con-full e-flex e-con e-child\" data-id=\"457a90d5\" data-element_type=\"container\" data-e-type=\"container\">\n\t\t\t\t<div class=\"elementor-element elementor-element-71718662 elementor-widget-tablet__width-inherit elementor-widget elementor-widget-heading\" data-id=\"71718662\" data-element_type=\"widget\" data-e-type=\"widget\" data-widget_type=\"heading.default\">\n\t\t\t\t<div class=\"elementor-widget-container\">\n\t\t\t\t\t<h2 class=\"elementor-heading-title elementor-size-default\">Analysis of your needs<\/h2>\t\t\t\t<\/div>\n\t\t\t\t<\/div>\n\t\t\t\t<div class=\"elementor-element elementor-element-547bede2 elementor-widget-tablet__width-inherit elementor-widget elementor-widget-text-editor\" data-id=\"547bede2\" data-element_type=\"widget\" data-e-type=\"widget\" data-widget_type=\"text-editor.default\">\n\t\t\t\t<div class=\"elementor-widget-container\">\n\t\t\t\t\t\t\t\t\t<p><span style=\"font-size: 1rem;\">We clarify your individual housing wishes and priorities together.\u00a0<\/span><\/p><p><span style=\"font-size: 1rem;\">The needs arising from your current life situation are identified, such as more storage space, a second child's room, or the possibility to expand the bathroom. We also capture your preferences like kitchen with morning sun\u2014and pain points like noise disturbance from neighbors\u2014and thereby create your property profile.<\/span><\/p><p><span style=\"font-style: inherit; font-weight: inherit;\">The appointment lasts one hour, can take place in person or digitally, and forms the basis for your successful property search.\u00a0<\/span><\/p>\t\t\t\t\t\t\t\t<\/div>\n\t\t\t\t<\/div>\n\t\t\t\t<div class=\"elementor-element elementor-element-f24cc3e elementor-mobile-align-center elementor-align-center elementor-widget elementor-widget-button\" data-id=\"f24cc3e\" data-element_type=\"widget\" data-e-type=\"widget\" data-widget_type=\"button.default\">\n\t\t\t\t<div class=\"elementor-widget-container\">\n\t\t\t\t\t\t\t\t\t<div class=\"elementor-button-wrapper\">\n\t\t\t\t\t<a class=\"elementor-button elementor-button-link elementor-size-sm\" href=\"https:\/\/humanspaces.at\/en\/kontakt\/\">\n\t\t\t\t\t\t<span class=\"elementor-button-content-wrapper\">\n\t\t\t\t\t\t\t\t\t<span class=\"elementor-button-text\">Request now<\/span>\n\t\t\t\t\t<\/span>\n\t\t\t\t\t<\/a>\n\t\t\t\t<\/div>\n\t\t\t\t\t\t\t\t<\/div>\n\t\t\t\t<\/div>\n\t\t\t\t<\/div>\n\t\t<div class=\"elementor-element elementor-element-7c0e45ce e-con-full e-flex e-con e-child\" data-id=\"7c0e45ce\" data-element_type=\"container\" data-e-type=\"container\">\n\t\t\t\t<div class=\"elementor-element elementor-element-5790bedb elementor-widget elementor-widget-image\" data-id=\"5790bedb\" data-element_type=\"widget\" data-e-type=\"widget\" data-widget_type=\"image.default\">\n\t\t\t\t<div class=\"elementor-widget-container\">\n\t\t\t\t\t\t\t\t\t\t\t\t\t\t\t<img fetchpriority=\"high\" decoding=\"async\" width=\"2560\" height=\"1707\" src=\"https:\/\/humanspaces.at\/wp-content\/uploads\/2025\/07\/beratungsgespraech-wohnungskauf-kammerer-1-scaled.jpg\" class=\"attachment-full size-full wp-image-2621\" alt=\"Eine Immobilienberaterin bespricht mit einem Kunden an einem Tisch die individuellen Anforderungen und W\u00fcnsche f\u00fcr den Kauf einer neuen Wohnung anhand einer Bedarfsanalyse.\" srcset=\"https:\/\/humanspaces.at\/wp-content\/uploads\/2025\/07\/beratungsgespraech-wohnungskauf-kammerer-1-scaled.jpg 2560w, https:\/\/humanspaces.at\/wp-content\/uploads\/2025\/07\/beratungsgespraech-wohnungskauf-kammerer-1-300x200.jpg 300w, https:\/\/humanspaces.at\/wp-content\/uploads\/2025\/07\/beratungsgespraech-wohnungskauf-kammerer-1-1024x683.jpg 1024w, https:\/\/humanspaces.at\/wp-content\/uploads\/2025\/07\/beratungsgespraech-wohnungskauf-kammerer-1-768x512.jpg 768w, https:\/\/humanspaces.at\/wp-content\/uploads\/2025\/07\/beratungsgespraech-wohnungskauf-kammerer-1-1536x1024.jpg 1536w, https:\/\/humanspaces.at\/wp-content\/uploads\/2025\/07\/beratungsgespraech-wohnungskauf-kammerer-1-2048x1365.jpg 2048w\" sizes=\"(max-width: 2560px) 100vw, 2560px\" \/>\t\t\t\t\t\t\t\t\t\t\t\t\t\t\t<\/div>\n\t\t\t\t<\/div>\n\t\t\t\t<\/div>\n\t\t\t\t<\/div>\n\t\t<div class=\"elementor-element elementor-element-bdbe1eb e-con-full animated-slow e-flex elementor-invisible e-con e-parent\" data-id=\"bdbe1eb\" data-element_type=\"container\" data-e-type=\"container\" data-settings=\"{&quot;background_background&quot;:&quot;classic&quot;,&quot;animation&quot;:&quot;fadeInRight&quot;,&quot;animation_delay&quot;:600}\">\n\t\t<div class=\"elementor-element elementor-element-7f1d2585 e-con-full e-flex e-con e-child\" data-id=\"7f1d2585\" data-element_type=\"container\" data-e-type=\"container\">\n\t\t\t\t<div class=\"elementor-element elementor-element-360f7a88 elementor-widget-tablet__width-inherit elementor-widget elementor-widget-text-editor\" data-id=\"360f7a88\" data-element_type=\"widget\" data-e-type=\"widget\" data-widget_type=\"text-editor.default\">\n\t\t\t\t<div class=\"elementor-widget-container\">\n\t\t\t\t\t\t\t\t\t<p style=\"font-size: 18px; font-style: normal; font-weight: 400;\"><span style=\"font-weight: bold; font-style: inherit;\">Process:<\/span><\/p><ul style=\"font-size: 18px; font-style: normal; font-weight: 400;\"><li style=\"font-size: 18px;\"><span style=\"font-style: inherit; font-weight: inherit;\">Needs analysis of your current and future living situation (e.g. family planning, home office, accessibility<\/span><\/li><li style=\"font-size: 18px;\"><span style=\"font-style: inherit; font-weight: inherit;\">Support in categorizing and prioritizing your wishes and pain points<\/span><\/li><li style=\"font-size: 18px;\"><span style=\"font-style: inherit; font-weight: inherit;\">Joint development of a structured, individual requirements profile\ufeff for your property search<\/span><\/li><li style=\"font-size: 18px;\"><span style=\"font-style: inherit; font-weight: inherit;\">Consultation on location, infrastructure, and budget framework<\/span><\/li><li style=\"font-size: 18px;\"><span style=\"font-style: inherit; font-weight: inherit;\">Duration: 1 hour (digital, telephone, or in-person)<\/span><\/li><\/ul><p style=\"font-size: 18px; font-style: normal; font-weight: 400;\"><span style=\"font-weight: bold; font-style: inherit;\">\u00a0<\/span><\/p><p style=\"font-size: 18px; font-style: normal; font-weight: 400;\"><span style=\"font-weight: bold; font-style: inherit;\">Your result:<\/span><\/p><ul style=\"font-size: 18px; font-style: normal; font-weight: 400;\"><li style=\"font-size: 18px;\"><span style=\"font-style: inherit; font-weight: inherit;\">You will receive your personal property profile: a written requirements profile including a checklist that will accompany you as a basis for your successful property search.<\/span><\/li><\/ul><p style=\"font-size: 18px; font-style: normal; font-weight: 400;\"><span style=\"font-weight: bold; font-style: inherit;\">Costs:<\/span><span style=\"font-style: inherit; font-weight: inherit;\">\u00a0from 300 \u20ac<\/span><\/p>\t\t\t\t\t\t\t\t<\/div>\n\t\t\t\t<\/div>\n\t\t\t\t<\/div>\n\t\t<div class=\"elementor-element elementor-element-4a9f325a e-con-full e-flex e-con e-child\" data-id=\"4a9f325a\" data-element_type=\"container\" data-e-type=\"container\">\n\t\t\t\t<div class=\"elementor-element elementor-element-74896e5f elementor-widget-tablet__width-inherit elementor-widget elementor-widget-image\" data-id=\"74896e5f\" data-element_type=\"widget\" data-e-type=\"widget\" data-widget_type=\"image.default\">\n\t\t\t\t<div class=\"elementor-widget-container\">\n\t\t\t\t\t\t\t\t\t\t\t\t\t\t\t<img decoding=\"async\" width=\"1600\" height=\"1067\" src=\"https:\/\/humanspaces.at\/wp-content\/uploads\/2025\/07\/immobilienkauf-checkliste-kammerer.jpg\" class=\"attachment-full size-full wp-image-2515\" alt=\"Eine Immobilienberaterin bespricht gemeinsam mit einem Kunden bei einer Wohnungsbesichtigung eine Checkliste f\u00fcr den Wohnungskauf.\" srcset=\"https:\/\/humanspaces.at\/wp-content\/uploads\/2025\/07\/immobilienkauf-checkliste-kammerer.jpg 1600w, https:\/\/humanspaces.at\/wp-content\/uploads\/2025\/07\/immobilienkauf-checkliste-kammerer-300x200.jpg 300w, https:\/\/humanspaces.at\/wp-content\/uploads\/2025\/07\/immobilienkauf-checkliste-kammerer-1024x683.jpg 1024w, https:\/\/humanspaces.at\/wp-content\/uploads\/2025\/07\/immobilienkauf-checkliste-kammerer-768x512.jpg 768w, https:\/\/humanspaces.at\/wp-content\/uploads\/2025\/07\/immobilienkauf-checkliste-kammerer-1536x1024.jpg 1536w\" sizes=\"(max-width: 1600px) 100vw, 1600px\" \/>\t\t\t\t\t\t\t\t\t\t\t\t\t\t\t<\/div>\n\t\t\t\t<\/div>\n\t\t\t\t<\/div>\n\t\t\t\t<\/div>\n\t\t\t\t<\/div>","protected":false},"excerpt":{"rendered":"<p>Ihr Steckbrief f\u00fcr Ihre Immobilie. Analyse Ihrer Bed\u00fcrfnisse Wir konkretisieren gemeinsam Ihre individuellen Wohnw\u00fcnsche und Priorit\u00e4ten.\u00a0 Dabei werden Bed\u00fcrfnisse aus [&hellip;]<\/p>\n","protected":false},"author":1,"featured_media":0,"parent":641,"menu_order":0,"comment_status":"closed","ping_status":"closed","template":"","meta":{"site-sidebar-layout":"no-sidebar","site-content-layout":"","ast-site-content-layout":"full-width-container","site-content-style":"default","site-sidebar-style":"default","ast-global-header-display":"","ast-banner-title-visibility":"","ast-main-header-display":"","ast-hfb-above-header-display":"","ast-hfb-below-header-display":"","ast-hfb-mobile-header-display":"","site-post-title":"disabled","ast-breadcrumbs-content":"","ast-featured-img":"disabled","footer-sml-layout":"","ast-disable-related-posts":"","theme-transparent-header-meta":"default","adv-header-id-meta":"","stick-header-meta":"","header-above-stick-meta":"","header-main-stick-meta":"","header-below-stick-meta":"","astra-migrate-meta-layouts":"set","ast-page-background-enabled":"default","ast-page-background-meta":{"desktop":{"background-color":"var(--ast-global-color-5)","background-image":"","background-repeat":"repeat","background-position":"center center","background-size":"auto","background-attachment":"scroll","background-type":"","background-media":"","overlay-type":"","overlay-color":"","overlay-opacity":"","overlay-gradient":""},"tablet":{"background-color":"","background-image":"","background-repeat":"repeat","background-position":"center center","background-size":"auto","background-attachment":"scroll","background-type":"","background-media":"","overlay-type":"","overlay-color":"","overlay-opacity":"","overlay-gradient":""},"mobile":{"background-color":"","background-image":"","background-repeat":"repeat","background-position":"center center","background-size":"auto","background-attachment":"scroll","background-type":"","background-media":"","overlay-type":"","overlay-color":"","overlay-opacity":"","overlay-gradient":""}},"ast-content-background-meta":{"desktop":{"background-color":"var(--ast-global-color-4)","background-image":"","background-repeat":"repeat","background-position":"center center","background-size":"auto","background-attachment":"scroll","background-type":"","background-media":"","overlay-type":"","overlay-color":"","overlay-opacity":"","overlay-gradient":""},"tablet":{"background-color":"var(--ast-global-color-4)","background-image":"","background-repeat":"repeat","background-position":"center center","background-size":"auto","background-attachment":"scroll","background-type":"","background-media":"","overlay-type":"","overlay-color":"","overlay-opacity":"","overlay-gradient":""},"mobile":{"background-color":"var(--ast-global-color-4)","background-image":"","background-repeat":"repeat","background-position":"center center","background-size":"auto","background-attachment":"scroll","background-type":"","background-media":"","overlay-type":"","overlay-color":"","overlay-opacity":"","overlay-gradient":""}},"footnotes":""},"class_list":["post-739","page","type-page","status-publish","hentry"],"_links":{"self":[{"href":"https:\/\/humanspaces.at\/en\/wp-json\/wp\/v2\/pages\/739","targetHints":{"allow":["GET"]}}],"collection":[{"href":"https:\/\/humanspaces.at\/en\/wp-json\/wp\/v2\/pages"}],"about":[{"href":"https:\/\/humanspaces.at\/en\/wp-json\/wp\/v2\/types\/page"}],"author":[{"embeddable":true,"href":"https:\/\/humanspaces.at\/en\/wp-json\/wp\/v2\/users\/1"}],"replies":[{"embeddable":true,"href":"https:\/\/humanspaces.at\/en\/wp-json\/wp\/v2\/comments?post=739"}],"version-history":[{"count":94,"href":"https:\/\/humanspaces.at\/en\/wp-json\/wp\/v2\/pages\/739\/revisions"}],"predecessor-version":[{"id":4690,"href":"https:\/\/humanspaces.at\/en\/wp-json\/wp\/v2\/pages\/739\/revisions\/4690"}],"up":[{"embeddable":true,"href":"https:\/\/humanspaces.at\/en\/wp-json\/wp\/v2\/pages\/641"}],"wp:attachment":[{"href":"https:\/\/humanspaces.at\/en\/wp-json\/wp\/v2\/media?parent=739"}],"curies":[{"name":"wp","href":"https:\/\/api.w.org\/{rel}","templated":true}]}}