{"id":736,"date":"2025-04-28T13:56:40","date_gmt":"2025-04-28T13:56:40","guid":{"rendered":"https:\/\/humanspaces.at\/?page_id=736"},"modified":"2025-11-11T13:56:21","modified_gmt":"2025-11-11T13:56:21","slug":"immobilienkaufberatung","status":"publish","type":"page","link":"https:\/\/humanspaces.at\/en\/leistungen\/privatkunden\/immobilienkaufberatung\/","title":{"rendered":"Ganzheitliche Immobilienkaufberatung"},"content":{"rendered":"<div data-elementor-type=\"wp-page\" data-elementor-id=\"736\" class=\"elementor elementor-736\">\n\t\t\t\t<div class=\"elementor-element elementor-element-8a94bdb e-flex e-con-boxed e-con e-parent\" data-id=\"8a94bdb\" data-element_type=\"container\" data-e-type=\"container\">\n\t\t\t\t\t<div class=\"e-con-inner\">\n\t\t\t\t<div class=\"elementor-element elementor-element-5d9136e3 elementor-widget elementor-widget-heading\" data-id=\"5d9136e3\" data-element_type=\"widget\" data-e-type=\"widget\" data-widget_type=\"heading.default\">\n\t\t\t\t<div class=\"elementor-widget-container\">\n\t\t\t\t\t<h1 class=\"elementor-heading-title elementor-size-default\">Personal consultation during the purchasing process.<\/h1>\t\t\t\t<\/div>\n\t\t\t\t<\/div>\n\t\t\t\t\t<\/div>\n\t\t\t\t<\/div>\n\t\t<div class=\"elementor-element elementor-element-76f38602 e-con-full animated-slow e-flex elementor-invisible e-con e-parent\" data-id=\"76f38602\" data-element_type=\"container\" data-e-type=\"container\" data-settings=\"{&quot;background_background&quot;:&quot;classic&quot;,&quot;animation&quot;:&quot;fadeInLeft&quot;,&quot;animation_delay&quot;:200}\">\n\t\t<div class=\"elementor-element elementor-element-7efe1e95 e-con-full e-flex e-con e-child\" data-id=\"7efe1e95\" data-element_type=\"container\" data-e-type=\"container\">\n\t\t\t\t<div class=\"elementor-element elementor-element-47e8cd77 elementor-widget-tablet__width-inherit elementor-widget elementor-widget-heading\" data-id=\"47e8cd77\" data-element_type=\"widget\" data-e-type=\"widget\" data-widget_type=\"heading.default\">\n\t\t\t\t<div class=\"elementor-widget-container\">\n\t\t\t\t\t<h2 class=\"elementor-heading-title elementor-size-default\">Ganzheitliche Immobilienkaufb<span style=\"font-style: inherit\">eratung<\/span><span style=\"font-style: inherit\"><\/span><br><\/h2>\t\t\t\t<\/div>\n\t\t\t\t<\/div>\n\t\t\t\t<div class=\"elementor-element elementor-element-7725f530 elementor-widget-tablet__width-inherit elementor-widget elementor-widget-text-editor\" data-id=\"7725f530\" data-element_type=\"widget\" data-e-type=\"widget\" data-widget_type=\"text-editor.default\">\n\t\t\t\t<div class=\"elementor-widget-container\">\n\t\t\t\t\t\t\t\t\t<p><span style=\"font-size: 1rem;\">The thought of buying a property can be overwhelming. Besides work and family, there is simply no time to deal with it in depth. I can support you throughout\u00a0<\/span>the entire purchasing process,<span style=\"font-style: inherit; font-weight: inherit;\">\u00a0from the first viewing to the completion of the purchase. I ensure that you keep an eye on all relevant topics and am available to answer any questions you may have.\u00a0<\/span><\/p>\t\t\t\t\t\t\t\t<\/div>\n\t\t\t\t<\/div>\n\t\t\t\t<div class=\"elementor-element elementor-element-7bae9fda elementor-mobile-align-center elementor-align-center elementor-widget elementor-widget-button\" data-id=\"7bae9fda\" data-element_type=\"widget\" data-e-type=\"widget\" data-widget_type=\"button.default\">\n\t\t\t\t<div class=\"elementor-widget-container\">\n\t\t\t\t\t\t\t\t\t<div class=\"elementor-button-wrapper\">\n\t\t\t\t\t<a class=\"elementor-button elementor-button-link elementor-size-sm\" href=\"https:\/\/humanspaces.at\/en\/kontakt\/\">\n\t\t\t\t\t\t<span class=\"elementor-button-content-wrapper\">\n\t\t\t\t\t\t\t\t\t<span class=\"elementor-button-text\">Request now<\/span>\n\t\t\t\t\t<\/span>\n\t\t\t\t\t<\/a>\n\t\t\t\t<\/div>\n\t\t\t\t\t\t\t\t<\/div>\n\t\t\t\t<\/div>\n\t\t\t\t<\/div>\n\t\t<div class=\"elementor-element elementor-element-5ae09bed e-con-full e-flex e-con e-child\" data-id=\"5ae09bed\" data-element_type=\"container\" data-e-type=\"container\">\n\t\t\t\t<div class=\"elementor-element elementor-element-419d57f4 elementor-widget elementor-widget-image\" data-id=\"419d57f4\" data-element_type=\"widget\" data-e-type=\"widget\" data-widget_type=\"image.default\">\n\t\t\t\t<div class=\"elementor-widget-container\">\n\t\t\t\t\t\t\t\t\t\t\t\t\t\t\t<img fetchpriority=\"high\" decoding=\"async\" width=\"1024\" height=\"683\" src=\"https:\/\/humanspaces.at\/wp-content\/uploads\/2025\/07\/beratung-raumgestaltung-neue-wohnung-1024x683.jpg\" class=\"attachment-large size-large wp-image-2533\" alt=\"Bedarfsanalyse zum Immobilienkauf: Beraterin analysiert gemeinsam mit Kunden Bed\u00fcrfnisse und Anforderungen an die neue Wohnung.\" srcset=\"https:\/\/humanspaces.at\/wp-content\/uploads\/2025\/07\/beratung-raumgestaltung-neue-wohnung-1024x683.jpg 1024w, https:\/\/humanspaces.at\/wp-content\/uploads\/2025\/07\/beratung-raumgestaltung-neue-wohnung-300x200.jpg 300w, https:\/\/humanspaces.at\/wp-content\/uploads\/2025\/07\/beratung-raumgestaltung-neue-wohnung-768x512.jpg 768w, https:\/\/humanspaces.at\/wp-content\/uploads\/2025\/07\/beratung-raumgestaltung-neue-wohnung-1536x1024.jpg 1536w, https:\/\/humanspaces.at\/wp-content\/uploads\/2025\/07\/beratung-raumgestaltung-neue-wohnung.jpg 1600w\" sizes=\"(max-width: 1024px) 100vw, 1024px\" \/>\t\t\t\t\t\t\t\t\t\t\t\t\t\t\t<\/div>\n\t\t\t\t<\/div>\n\t\t\t\t<\/div>\n\t\t\t\t<\/div>\n\t\t<div class=\"elementor-element elementor-element-2743eb70 e-con-full animated-slow e-flex elementor-invisible e-con e-parent\" data-id=\"2743eb70\" data-element_type=\"container\" data-e-type=\"container\" data-settings=\"{&quot;background_background&quot;:&quot;classic&quot;,&quot;animation&quot;:&quot;fadeInRight&quot;,&quot;animation_delay&quot;:600}\">\n\t\t<div class=\"elementor-element elementor-element-245f07aa e-con-full e-flex e-con e-child\" data-id=\"245f07aa\" data-element_type=\"container\" data-e-type=\"container\">\n\t\t\t\t<div class=\"elementor-element elementor-element-62925da9 elementor-widget-tablet__width-inherit elementor-widget elementor-widget-text-editor\" data-id=\"62925da9\" data-element_type=\"widget\" data-e-type=\"widget\" data-widget_type=\"text-editor.default\">\n\t\t\t\t<div class=\"elementor-widget-container\">\n\t\t\t\t\t\t\t\t\t<p class=\"my-0\" style=\"font-size: 18px; font-style: normal; font-weight: 400;\"><span style=\"font-weight: bold;\">Scope of services:<\/span><\/p>\n<ul style=\"font-size: 18px; font-style: normal; font-weight: 400;\">\n<li style=\"font-size: 18px; list-style-type: none;\">\n<ul class=\"marker:text-textOff list-disc\" style=\"font-size: 18px;\">\n<li style=\"font-size: 18px;\">\n<p class=\"my-0\" style=\"font-size: 18px;\">Clarification of building law issues, review of structural consent (if necessary, check of the plan archive)<\/p>\n<\/li>\n<li style=\"font-size: 18px;\">\n<p class=\"my-0\" style=\"font-size: 18px;\">Participation in price negotiations and support in arguing with the broker\/seller<\/p>\n<\/li>\n<li style=\"font-size: 18px;\">\n<p class=\"my-0\" style=\"font-size: 18px;\">Recording the current condition and any construction defects as an attachment to the contract<\/p>\n<\/li>\n<li style=\"font-size: 18px;\">\n<p class=\"my-0\" style=\"font-size: 18px;\">Assistance with the effort estimation for renovation\/remodeling work<\/p>\n<\/li>\n<li style=\"font-size: 18px;\">\n<p class=\"my-0\" style=\"font-size: 18px;\">Answers to your questions throughout the entire purchasing process<\/p>\n<\/li>\n<\/ul>\n<\/li>\n<\/ul>\n<p class=\"my-0\" style=\"font-size: 18px; font-style: normal; font-weight: 400;\"><span style=\"font-weight: bold;\">Result:<\/span><\/p>\n<ul style=\"font-size: 18px; font-style: normal; font-weight: 400;\">\n<li style=\"font-size: 18px; list-style-type: none;\">\n<ul class=\"marker:text-textOff list-disc\" style=\"font-size: 18px;\">\n<li style=\"font-size: 18px;\">\n<p class=\"my-0\" style=\"font-size: 18px;\">This support will give you a well-founded basis for decision-making and accompany you competently through all steps to avoid risks and hidden costs. This ensures a smooth process and financial security.<\/p>\n<\/li>\n<\/ul>\n<\/li>\n<\/ul>\n<p class=\"my-0\" style=\"font-size: 18px; font-style: normal; font-weight: 400;\"><span style=\"font-weight: bold;\">Costs:<\/span>&nbsp;Based on hourly effort<\/p>\t\t\t\t\t\t\t\t<\/div>\n\t\t\t\t<\/div>\n\t\t\t\t<\/div>\n\t\t<div class=\"elementor-element elementor-element-7cc6ff7a e-con-full e-flex e-con e-child\" data-id=\"7cc6ff7a\" data-element_type=\"container\" data-e-type=\"container\">\n\t\t\t\t<div class=\"elementor-element elementor-element-3e957875 elementor-widget-tablet__width-inherit elementor-widget elementor-widget-image\" data-id=\"3e957875\" data-element_type=\"widget\" data-e-type=\"widget\" data-widget_type=\"image.default\">\n\t\t\t\t<div class=\"elementor-widget-container\">\n\t\t\t\t\t\t\t\t\t\t\t\t\t\t\t<img decoding=\"async\" width=\"1024\" height=\"683\" src=\"https:\/\/humanspaces.at\/wp-content\/uploads\/2025\/07\/20250704103308-9O6A0427-c-Verena-Prinz-1024x683.jpg\" class=\"attachment-large size-large wp-image-2532\" alt=\"Katja Kammerer und ihr Kunde pr\u00fcfen gemeinsam eine Checkliste zur Bedarfsanalyse im w\u00e4hrend einer Immobilienkaufberatung.\" srcset=\"https:\/\/humanspaces.at\/wp-content\/uploads\/2025\/07\/20250704103308-9O6A0427-c-Verena-Prinz-1024x683.jpg 1024w, https:\/\/humanspaces.at\/wp-content\/uploads\/2025\/07\/20250704103308-9O6A0427-c-Verena-Prinz-300x200.jpg 300w, https:\/\/humanspaces.at\/wp-content\/uploads\/2025\/07\/20250704103308-9O6A0427-c-Verena-Prinz-768x512.jpg 768w, https:\/\/humanspaces.at\/wp-content\/uploads\/2025\/07\/20250704103308-9O6A0427-c-Verena-Prinz-1536x1024.jpg 1536w, https:\/\/humanspaces.at\/wp-content\/uploads\/2025\/07\/20250704103308-9O6A0427-c-Verena-Prinz.jpg 1600w\" sizes=\"(max-width: 1024px) 100vw, 1024px\" \/>\t\t\t\t\t\t\t\t\t\t\t\t\t\t\t<\/div>\n\t\t\t\t<\/div>\n\t\t\t\t<\/div>\n\t\t\t\t<\/div>\n\t\t<div class=\"elementor-element elementor-element-0056baf e-flex e-con-boxed e-con e-parent\" data-id=\"0056baf\" data-element_type=\"container\" data-e-type=\"container\">\n\t\t\t\t\t<div class=\"e-con-inner\">\n\t\t\t\t<div class=\"elementor-element elementor-element-196ee03 elementor-widget elementor-widget-text-editor\" data-id=\"196ee03\" data-element_type=\"widget\" data-e-type=\"widget\" data-widget_type=\"text-editor.default\">\n\t\t\t\t<div class=\"elementor-widget-container\">\n\t\t\t\t\t\t\t\t\t<p><b>Liability disclaimer<\/b><\/p><p>Within the framework of real estate purchase consulting at HUMAN SPACES, I offer you comprehensive and expert support in decision-making related to your property purchase. My services include reviewing floor plans, initial assessments of renovation needs and costs, and identifying the potential of the property. Additionally, I provide planning and implementation of interior design measures as well as handling modifications that are not structurally or physically relevant within the scope of my trade license. Please note that I do not offer detailed technical reports, structural or physical relevant examinations, legal advice, or classic architectural and engineering services for new construction or extensive renovations. For these specialized areas, I recommend consulting with specialized experts. Despite careful analysis and advice, I assume no liability for the completeness or accuracy of the information. The responsibility for the purchase decision and further implementation rests with the client.<\/p>\t\t\t\t\t\t\t\t<\/div>\n\t\t\t\t<\/div>\n\t\t\t\t\t<\/div>\n\t\t\t\t<\/div>\n\t\t\t\t<\/div>","protected":false},"excerpt":{"rendered":"<p>Bedarfsanalyse Immobilienkauf Pers\u00f6nliche Beratung w\u00e4hrend dem Kaufprozess. Ganzheitliche Immobilienkaufberatung Oft ist der Gedanke, eine Immobilie zukaufen, \u00fcberw\u00e4ltigend. Oft hat man [&hellip;]<\/p>\n","protected":false},"author":1,"featured_media":2532,"parent":641,"menu_order":0,"comment_status":"closed","ping_status":"closed","template":"","meta":{"site-sidebar-layout":"no-sidebar","site-content-layout":"","ast-site-content-layout":"full-width-container","site-content-style":"default","site-sidebar-style":"default","ast-global-header-display":"","ast-banner-title-visibility":"","ast-main-header-display":"","ast-hfb-above-header-display":"","ast-hfb-below-header-display":"","ast-hfb-mobile-header-display":"","site-post-title":"disabled","ast-breadcrumbs-content":"","ast-featured-img":"disabled","footer-sml-layout":"","ast-disable-related-posts":"","theme-transparent-header-meta":"default","adv-header-id-meta":"","stick-header-meta":"","header-above-stick-meta":"","header-main-stick-meta":"","header-below-stick-meta":"","astra-migrate-meta-layouts":"set","ast-page-background-enabled":"default","ast-page-background-meta":{"desktop":{"background-color":"var(--ast-global-color-5)","background-image":"","background-repeat":"repeat","background-position":"center center","background-size":"auto","background-attachment":"scroll","background-type":"","background-media":"","overlay-type":"","overlay-color":"","overlay-opacity":"","overlay-gradient":""},"tablet":{"background-color":"","background-image":"","background-repeat":"repeat","background-position":"center center","background-size":"auto","background-attachment":"scroll","background-type":"","background-media":"","overlay-type":"","overlay-color":"","overlay-opacity":"","overlay-gradient":""},"mobile":{"background-color":"","background-image":"","background-repeat":"repeat","background-position":"center center","background-size":"auto","background-attachment":"scroll","background-type":"","background-media":"","overlay-type":"","overlay-color":"","overlay-opacity":"","overlay-gradient":""}},"ast-content-background-meta":{"desktop":{"background-color":"var(--ast-global-color-4)","background-image":"","background-repeat":"repeat","background-position":"center center","background-size":"auto","background-attachment":"scroll","background-type":"","background-media":"","overlay-type":"","overlay-color":"","overlay-opacity":"","overlay-gradient":""},"tablet":{"background-color":"var(--ast-global-color-4)","background-image":"","background-repeat":"repeat","background-position":"center center","background-size":"auto","background-attachment":"scroll","background-type":"","background-media":"","overlay-type":"","overlay-color":"","overlay-opacity":"","overlay-gradient":""},"mobile":{"background-color":"var(--ast-global-color-4)","background-image":"","background-repeat":"repeat","background-position":"center center","background-size":"auto","background-attachment":"scroll","background-type":"","background-media":"","overlay-type":"","overlay-color":"","overlay-opacity":"","overlay-gradient":""}},"footnotes":""},"class_list":["post-736","page","type-page","status-publish","has-post-thumbnail","hentry"],"_links":{"self":[{"href":"https:\/\/humanspaces.at\/en\/wp-json\/wp\/v2\/pages\/736","targetHints":{"allow":["GET"]}}],"collection":[{"href":"https:\/\/humanspaces.at\/en\/wp-json\/wp\/v2\/pages"}],"about":[{"href":"https:\/\/humanspaces.at\/en\/wp-json\/wp\/v2\/types\/page"}],"author":[{"embeddable":true,"href":"https:\/\/humanspaces.at\/en\/wp-json\/wp\/v2\/users\/1"}],"replies":[{"embeddable":true,"href":"https:\/\/humanspaces.at\/en\/wp-json\/wp\/v2\/comments?post=736"}],"version-history":[{"count":55,"href":"https:\/\/humanspaces.at\/en\/wp-json\/wp\/v2\/pages\/736\/revisions"}],"predecessor-version":[{"id":5112,"href":"https:\/\/humanspaces.at\/en\/wp-json\/wp\/v2\/pages\/736\/revisions\/5112"}],"up":[{"embeddable":true,"href":"https:\/\/humanspaces.at\/en\/wp-json\/wp\/v2\/pages\/641"}],"wp:featuredmedia":[{"embeddable":true,"href":"https:\/\/humanspaces.at\/en\/wp-json\/wp\/v2\/media\/2532"}],"wp:attachment":[{"href":"https:\/\/humanspaces.at\/en\/wp-json\/wp\/v2\/media?parent=736"}],"curies":[{"name":"wp","href":"https:\/\/api.w.org\/{rel}","templated":true}]}}