{"id":40,"date":"2025-03-04T13:21:27","date_gmt":"2025-03-04T13:21:27","guid":{"rendered":"https:\/\/humanspaces.at\/?page_id=40"},"modified":"2025-09-09T14:08:54","modified_gmt":"2025-09-09T14:08:54","slug":"impressum","status":"publish","type":"page","link":"https:\/\/humanspaces.at\/en\/impressum\/","title":{"rendered":"Imprint"},"content":{"rendered":"<div data-elementor-type=\"wp-page\" data-elementor-id=\"40\" class=\"elementor elementor-40\">\n\t\t\t\t<div class=\"elementor-element elementor-element-0eb3755 e-flex e-con-boxed e-con e-parent\" data-id=\"0eb3755\" data-element_type=\"container\" data-e-type=\"container\" data-settings=\"{&quot;background_background&quot;:&quot;classic&quot;,&quot;animation_mobile&quot;:&quot;none&quot;}\">\n\t\t\t\t\t<div class=\"e-con-inner\">\n\t\t\t\t<div class=\"elementor-element elementor-element-358fc85 elementor-widget elementor-widget-heading\" data-id=\"358fc85\" data-element_type=\"widget\" data-e-type=\"widget\" data-widget_type=\"heading.default\">\n\t\t\t\t<div class=\"elementor-widget-container\">\n\t\t\t\t\t<h1 class=\"elementor-heading-title elementor-size-default\">Imprint<\/h1>\t\t\t\t<\/div>\n\t\t\t\t<\/div>\n\t\t\t\t\t<\/div>\n\t\t\t\t<\/div>\n\t\t<div class=\"elementor-element elementor-element-1e0bda7 e-flex e-con-boxed e-con e-parent\" data-id=\"1e0bda7\" data-element_type=\"container\" data-e-type=\"container\">\n\t\t\t\t\t<div class=\"e-con-inner\">\n\t\t\t\t<div class=\"elementor-element elementor-element-74ab861 elementor-widget elementor-widget-text-editor\" data-id=\"74ab861\" data-element_type=\"widget\" data-e-type=\"widget\" data-widget_type=\"text-editor.default\">\n\t\t\t\t<div class=\"elementor-widget-container\">\n\t\t\t\t\t\t\t\t\t<p><span style=\"color: #24211f; font-size: 0.9375rem; font-style: inherit; font-weight: inherit;\">Firmenname: <\/span><span style=\"font-size: 16px; -webkit-text-size-adjust: 100%;\">Human Spaces KJK e.U. (<\/span><span style=\"color: #24211f; font-size: 0.9375rem; font-style: inherit; font-weight: inherit;\">Eingetragenes Einzelunternehmen)<\/span><\/p>\n<p style=\"font-size: 18px; font-style: normal; font-weight: 400;\"><span style=\"color: #24211f; font-size: 16.875px;\">Ingenieurb\u00fcro f\u00fcr Innenarchitektur<\/span><\/p>\n<p style=\"font-size: 18px; font-style: normal; font-weight: 400;\"><span style=\"color: #24211f; font-size: 0.9375rem; font-style: inherit; font-weight: inherit;\">Inhaber: Katja Johanna Kammerer<\/span><\/p>\n<p><span style=\"color: #24211f; font-size: 0.9375rem; font-style: inherit; font-weight: inherit;\">Sitz: Stromstra\u00dfe 36-38\/3\/19, 1200 Wien, Austria<\/span><\/p>\n<p><span style=\"color: #24211f; font-size: 0.9375rem; font-style: inherit; font-weight: inherit;\">Tel: +43 670 194 41 50<\/span><\/p>\n<p><span style=\"font-style: inherit; font-weight: inherit; color: #24211f; font-size: 0.9375rem;\">E-Mail: info@humanspaces.at<\/span><\/p>\n<p><span style=\"font-style: inherit; font-weight: inherit; color: #24211f; font-size: 0.9375rem;\">UID-Nummer: ATU82377401<\/span><\/p>\n<p><span style=\"font-style: inherit; font-weight: inherit; color: #24211f; font-size: 0.9375rem;\">Firmenbuchnummer:&nbsp;<\/span><span style=\"color: #333333; font-family: 'Roboto Regular', sans-serif; font-size: 16px; font-variant-ligatures: none; letter-spacing: 0.176px;\">FN 657916z<\/span><\/p>\n<p><span style=\"font-style: inherit; font-weight: inherit; color: #24211f; font-size: 0.9375rem;\">Firmenbuchgericht: Wien&nbsp;<\/span><\/p>\n<p><span style=\"font-style: inherit; font-weight: inherit; color: #24211f; font-size: 0.9375rem;\">Berufsrecht:&nbsp;<\/span><a style=\"background-color: #ffffff; font-size: 1rem;\" href=\"https:\/\/www.ris.bka.gv.at\/GeltendeFassung.wxe?Abfrage=Bundesnormen&amp;Gesetzesnummer=20009785\" target=\"_blank\" rel=\"noopener\">RIS &#8211; Ingenieurgesetz&nbsp;2017 &#8211; Bundesrecht konsolidiert, Fassung vom 28.08.2025<\/a><\/p>\n<p><span style=\"font-style: inherit; font-weight: inherit; color: #24211f; font-size: 0.9375rem;\"><span style=\"font-style: inherit; font-weight: inherit;\">Aufsichtsbeh\u00f6rde: Bezirkshauptmannschaft Wien<\/span><\/span><\/p>\n<p><span style=\"font-style: inherit; font-weight: inherit; color: #24211f; font-size: 0.9375rem;\"><span style=\"font-style: inherit; font-weight: inherit;\">&nbsp;<\/span><\/span><\/p>\n<p style=\"font-size: 18px; font-style: normal; font-weight: 400;\"><span style=\"color: #24211f; font-size: 16.875px;\">Mitglied der Wirtschaftskammer Wien<\/span><\/p>\n<p style=\"font-size: 18px; font-style: normal; font-weight: 400;\"><span style=\"color: #24211f; font-size: 0.9375rem; font-style: inherit; font-weight: inherit;\">Mitglied des B\u00d6IA &#8211; Bund \u00f6sterreichischer Innenarchitekten<\/span><\/p>\n<p style=\"font-size: 18px; font-style: normal; font-weight: 400;\"><span style=\"color: #24211f; font-size: 0.9375rem; font-style: inherit; font-weight: inherit;\">&nbsp;<\/span><\/p>\n<p><span style=\"font-style: inherit; font-weight: inherit; color: #24211f; font-size: 0.9375rem;\"><span style=\"font-style: inherit; font-weight: inherit;\">Haftung f\u00fcr Inhalte:<\/span><\/span><br>Trotz sorgf\u00e4ltiger inhaltlicher Kontrolle \u00fcbernehmen wir keine Haftung f\u00fcr die Inhalte externer Links. F\u00fcr den Inhalt der verlinkten Seiten sind ausschlie\u00dflich deren Betreiber verantwortlich.<br>\nDie Inhalte dieser Website wurden mit gr\u00f6\u00dfter Sorgfalt erstellt. F\u00fcr die Richtigkeit, Vollst\u00e4ndigkeit und Aktualit\u00e4t der Inhalte k\u00f6nnen wir jedoch keine Gew\u00e4hr \u00fcbernehmen.<\/p><p><br>\n<span style=\"font-style: inherit; font-weight: inherit; color: #24211f; font-size: 0.9375rem;\"><span style=\"font-style: inherit; font-weight: inherit;\">&nbsp;Fotos:&nbsp;<\/span><\/span><a style=\"background-color: #ffffff; font-size: 1rem;\" href=\"https:\/\/verenaprinz.com\/\" target=\"_blank\" rel=\"noopener\">Verena Prinz &#8211; Fotograf in Wien und Umgebung<\/a>, Philipp Horak<\/p>\t\t\t\t\t\t\t\t<\/div>\n\t\t\t\t<\/div>\n\t\t\t\t\t<\/div>\n\t\t\t\t<\/div>\n\t\t\t\t<\/div>","protected":false},"excerpt":{"rendered":"<p>Impressum Firmenname: Human Spaces KJK e.U. (Eingetragenes Einzelunternehmen) Ingenieurb\u00fcro f\u00fcr Innenarchitektur Inhaber: Katja Johanna Kammerer Sitz: Stromstra\u00dfe 36-38\/3\/19, 1200 Wien, [&hellip;]<\/p>\n","protected":false},"author":1,"featured_media":0,"parent":0,"menu_order":0,"comment_status":"closed","ping_status":"closed","template":"","meta":{"site-sidebar-layout":"no-sidebar","site-content-layout":"","ast-site-content-layout":"full-width-container","site-content-style":"default","site-sidebar-style":"default","ast-global-header-display":"","ast-banner-title-visibility":"","ast-main-header-display":"","ast-hfb-above-header-display":"","ast-hfb-below-header-display":"","ast-hfb-mobile-header-display":"","site-post-title":"disabled","ast-breadcrumbs-content":"","ast-featured-img":"disabled","footer-sml-layout":"","ast-disable-related-posts":"","theme-transparent-header-meta":"default","adv-header-id-meta":"","stick-header-meta":"","header-above-stick-meta":"","header-main-stick-meta":"","header-below-stick-meta":"","astra-migrate-meta-layouts":"set","ast-page-background-enabled":"default","ast-page-background-meta":{"desktop":{"background-color":"var(--ast-global-color-5)","background-image":"","background-repeat":"repeat","background-position":"center center","background-size":"auto","background-attachment":"scroll","background-type":"","background-media":"","overlay-type":"","overlay-color":"","overlay-opacity":"","overlay-gradient":""},"tablet":{"background-color":"","background-image":"","background-repeat":"repeat","background-position":"center center","background-size":"auto","background-attachment":"scroll","background-type":"","background-media":"","overlay-type":"","overlay-color":"","overlay-opacity":"","overlay-gradient":""},"mobile":{"background-color":"","background-image":"","background-repeat":"repeat","background-position":"center center","background-size":"auto","background-attachment":"scroll","background-type":"","background-media":"","overlay-type":"","overlay-color":"","overlay-opacity":"","overlay-gradient":""}},"ast-content-background-meta":{"desktop":{"background-color":"var(--ast-global-color-4)","background-image":"","background-repeat":"repeat","background-position":"center center","background-size":"auto","background-attachment":"scroll","background-type":"","background-media":"","overlay-type":"","overlay-color":"","overlay-opacity":"","overlay-gradient":""},"tablet":{"background-color":"var(--ast-global-color-4)","background-image":"","background-repeat":"repeat","background-position":"center center","background-size":"auto","background-attachment":"scroll","background-type":"","background-media":"","overlay-type":"","overlay-color":"","overlay-opacity":"","overlay-gradient":""},"mobile":{"background-color":"var(--ast-global-color-4)","background-image":"","background-repeat":"repeat","background-position":"center center","background-size":"auto","background-attachment":"scroll","background-type":"","background-media":"","overlay-type":"","overlay-color":"","overlay-opacity":"","overlay-gradient":""}},"footnotes":""},"class_list":["post-40","page","type-page","status-publish","hentry"],"_links":{"self":[{"href":"https:\/\/humanspaces.at\/en\/wp-json\/wp\/v2\/pages\/40","targetHints":{"allow":["GET"]}}],"collection":[{"href":"https:\/\/humanspaces.at\/en\/wp-json\/wp\/v2\/pages"}],"about":[{"href":"https:\/\/humanspaces.at\/en\/wp-json\/wp\/v2\/types\/page"}],"author":[{"embeddable":true,"href":"https:\/\/humanspaces.at\/en\/wp-json\/wp\/v2\/users\/1"}],"replies":[{"embeddable":true,"href":"https:\/\/humanspaces.at\/en\/wp-json\/wp\/v2\/comments?post=40"}],"version-history":[{"count":28,"href":"https:\/\/humanspaces.at\/en\/wp-json\/wp\/v2\/pages\/40\/revisions"}],"predecessor-version":[{"id":4339,"href":"https:\/\/humanspaces.at\/en\/wp-json\/wp\/v2\/pages\/40\/revisions\/4339"}],"wp:attachment":[{"href":"https:\/\/humanspaces.at\/en\/wp-json\/wp\/v2\/media?parent=40"}],"curies":[{"name":"wp","href":"https:\/\/api.w.org\/{rel}","templated":true}]}}